{"id":826,"date":"2025-11-03T14:18:16","date_gmt":"2025-11-03T13:18:16","guid":{"rendered":"https:\/\/associationlapangee.org\/?page_id=826"},"modified":"2026-04-14T17:46:42","modified_gmt":"2026-04-14T15:46:42","slug":"actualites","status":"publish","type":"page","link":"https:\/\/associationlapangee.org\/index.php\/actualites\/","title":{"rendered":"Actualit\u00e9s"},"content":{"rendered":"\n<h2 class=\"wp-block-heading\">LE MUSEE DES PASSAGES &#8211; LA CAMPAGNE DE FINANCEMENT PARTICIPATIF<\/h2>\n\n\n\n<p><\/p>\n\n\n\n<p>Pour la toute premi\u00e8re fois de son histoire, la Pang\u00e9e a cr\u00e9\u00e9 une campagne de financement participatif pour l&rsquo;un de ses projets, <a href=\"https:\/\/associationlapangee.org\/index.php\/les-projets\/le-musee-des-passages\/\">le Mus\u00e9e des Passages<\/a>. Attention, ce n&rsquo;est pas n&rsquo;importe quelle campagne : la Ville de Bordeaux double tous vos dons ! <\/p>\n\n\n\n<p>Vous souhaitez aider un projet de territoire qui inclut v\u00e9ritablement les habitant.e.s ? Vous souhaitez favoriser l&rsquo;interculturalit\u00e9 \u00e0 Bordeaux ? Vous aimeriez all\u00e9ger vos imp\u00f4ts ? Ce sont autant de bonnes raisons de participer \u00e0 notre crowdfunding ! <\/p>\n\n\n\n<p>La suite, <a href=\"https:\/\/www.jadopteunprojet.com\/decouvrez-les-projets\/detail\/le-musee-des-passages\">c&rsquo;est par ici, sur J&rsquo;adopte un projet !<\/a> <\/p>\n\n\n<div class=\"wp-block-image\">\n<figure class=\"aligncenter size-large is-resized\"><img decoding=\"async\" loading=\"lazy\" src=\"https:\/\/associationlapangee.org\/wp-content\/uploads\/2026\/04\/1-768x1024.png\" alt=\"\" class=\"wp-image-943\" width=\"833\" height=\"1111\" srcset=\"https:\/\/associationlapangee.org\/wp-content\/uploads\/2026\/04\/1-768x1024.png 768w, https:\/\/associationlapangee.org\/wp-content\/uploads\/2026\/04\/1-225x300.png 225w, https:\/\/associationlapangee.org\/wp-content\/uploads\/2026\/04\/1.png 1080w\" sizes=\"(max-width: 833px) 100vw, 833px\" \/><\/figure><\/div>\n\n\n<div style=\"height:20px\" aria-hidden=\"true\" class=\"wp-block-spacer\"><\/div>\n\n\n\n<h2 class=\"wp-block-heading\">LE FESTIVAL LA VOIE DES PEUPLES #10<\/h2>\n\n\n\n<p>La Pang\u00e9e s&rsquo;appr\u00eate \u00e0 c\u00e9l\u00e9brer la dixi\u00e8me Voie des Peuples ! Pour marquer le coup, le festival rassemblera, en 2026, les cultures d\u00e9j\u00e0 mises \u00e0 l&rsquo;honneur dans les \u00e9ditions pr\u00e9c\u00e9dentes, pour trois jours d&rsquo;\u00e9v\u00e8nements profond\u00e9ment multiculturels. Peuples Roms, de l&rsquo;Afrique de l&rsquo;Ouest, de l&rsquo;Inde, de la Cordill\u00e8re des Andes, du Sahara, du Japon, Peuples Lusophones, Celtes et Iraniens&#8230; Tous sont de nouveau convi\u00e9s \u00e0 repr\u00e9senter leurs cultures ! Toujours selon une logique de concertation et de r\u00e9flexion collective, les associations du territoire sont r\u00e9unies chaque mois pour d\u00e9cider ensemble de la programmation et de la couleur du festival. <\/p>\n\n\n\n<p>Pour l&rsquo;occasion, le festival retourne dans l&rsquo;un des lieux embl\u00e9matiques de son histoire, le Parc de Mussonville, \u00e0 B\u00e8gles. On vous attend donc nombreux et nombreuses les <strong>17, 18 &amp; 19 juillet 2026<\/strong> !<\/p>\n\n\n\n<p><a href=\"https:\/\/www.facebook.com\/events\/1439099487919538\" data-type=\"URL\" data-id=\"https:\/\/www.facebook.com\/events\/1439099487919538\" target=\"_blank\" rel=\"noreferrer noopener\">Toutes les infos \u00e0 suivre et \u00e0 partager ici.<\/a><\/p>\n\n\n\n<figure class=\"wp-block-image size-large\"><img decoding=\"async\" loading=\"lazy\" width=\"724\" height=\"1024\" src=\"https:\/\/associationlapangee.org\/wp-content\/uploads\/2026\/01\/Affiche-VDP10-1-724x1024.png\" alt=\"\" class=\"wp-image-901\" srcset=\"https:\/\/associationlapangee.org\/wp-content\/uploads\/2026\/01\/Affiche-VDP10-1-724x1024.png 724w, https:\/\/associationlapangee.org\/wp-content\/uploads\/2026\/01\/Affiche-VDP10-1-212x300.png 212w, https:\/\/associationlapangee.org\/wp-content\/uploads\/2026\/01\/Affiche-VDP10-1-768x1086.png 768w, https:\/\/associationlapangee.org\/wp-content\/uploads\/2026\/01\/Affiche-VDP10-1-1086x1536.png 1086w, https:\/\/associationlapangee.org\/wp-content\/uploads\/2026\/01\/Affiche-VDP10-1-1448x2048.png 1448w, https:\/\/associationlapangee.org\/wp-content\/uploads\/2026\/01\/Affiche-VDP10-1.png 1587w\" sizes=\"(max-width: 724px) 100vw, 724px\" \/><\/figure>\n\n\n\n<p><\/p>\n\n\n\n<h2 class=\"wp-block-heading\">LA MAISON COMMUNE DE LA QUINZAINE DE L&rsquo;\u00c9GALIT\u00c9 ET DE LA DIVERSIT\u00c9<\/h2>\n\n\n\n<p>Pour la premi\u00e8re fois, la Quinzaine de l\u2019\u00c9galit\u00e9 et de la Diversit\u00e9 de la Ville de Bordeaux se dote d\u2019un lieu ressource, coordonn\u00e9 et anim\u00e9 par La Pang\u00e9e. L\u2019H\u00f4tel de Ragueneau devient donc La Maison Commune, un espace vivant et partag\u00e9, rassemblant associations, participant.e.s de la Quinzaine et autres curieux.se.s. <\/p>\n\n\n\n<p>Les associations de la Quinzaine de l&rsquo;\u00c9galit\u00e9 et de la Diversit\u00e9 ont donc imagin\u00e9, conjointement, une programmation riche et diverse, qui se d\u00e9roulera du 18 au 28 novembre. Expositions, conf\u00e9rences, projections, ateliers, spectacles, d\u00e9bats et temps conviviaux rythmeront ces deux semaines. L&rsquo;enti\u00e8ret\u00e9 des propositions sont gratuites, avec acc\u00e8s libre, alors n&rsquo;h\u00e9sitez pas \u00e0 nous rejoindre ! <\/p>\n\n\n\n<p>Pour plus d&rsquo;informations, rendez-vous sur <a href=\"https:\/\/www.facebook.com\/events\/808236622061043?locale=fr_FR\">la page Facebook de l&rsquo;\u00e9v\u00e8nement<\/a> ! <\/p>\n\n\n\n<figure class=\"wp-block-image size-large\"><img decoding=\"async\" loading=\"lazy\" width=\"724\" height=\"1024\" src=\"https:\/\/associationlapangee.org\/wp-content\/uploads\/2025\/11\/AFFICHE-La-Maison-Commune-724x1024.png\" alt=\"\" class=\"wp-image-827\" srcset=\"https:\/\/associationlapangee.org\/wp-content\/uploads\/2025\/11\/AFFICHE-La-Maison-Commune-724x1024.png 724w, https:\/\/associationlapangee.org\/wp-content\/uploads\/2025\/11\/AFFICHE-La-Maison-Commune-212x300.png 212w, https:\/\/associationlapangee.org\/wp-content\/uploads\/2025\/11\/AFFICHE-La-Maison-Commune-768x1086.png 768w, https:\/\/associationlapangee.org\/wp-content\/uploads\/2025\/11\/AFFICHE-La-Maison-Commune-1086x1536.png 1086w, https:\/\/associationlapangee.org\/wp-content\/uploads\/2025\/11\/AFFICHE-La-Maison-Commune-1448x2048.png 1448w, https:\/\/associationlapangee.org\/wp-content\/uploads\/2025\/11\/AFFICHE-La-Maison-Commune.png 1587w\" sizes=\"(max-width: 724px) 100vw, 724px\" \/><\/figure>\n\n\n\n<p><\/p>\n\n\n\n<figure class=\"wp-block-image size-large is-resized is-style-default\"><img decoding=\"async\" loading=\"lazy\" src=\"https:\/\/associationlapangee.org\/wp-content\/uploads\/2025\/11\/TABLEAUX-DE-PROG-V2-1024x455.png\" alt=\"\" class=\"wp-image-867\" width=\"726\" height=\"322\" srcset=\"https:\/\/associationlapangee.org\/wp-content\/uploads\/2025\/11\/TABLEAUX-DE-PROG-V2-1024x455.png 1024w, https:\/\/associationlapangee.org\/wp-content\/uploads\/2025\/11\/TABLEAUX-DE-PROG-V2-300x133.png 300w, https:\/\/associationlapangee.org\/wp-content\/uploads\/2025\/11\/TABLEAUX-DE-PROG-V2-768x341.png 768w, https:\/\/associationlapangee.org\/wp-content\/uploads\/2025\/11\/TABLEAUX-DE-PROG-V2-1536x683.png 1536w, https:\/\/associationlapangee.org\/wp-content\/uploads\/2025\/11\/TABLEAUX-DE-PROG-V2-2048x910.png 2048w\" sizes=\"(max-width: 726px) 100vw, 726px\" \/><\/figure>\n\n\n\n<p><\/p>\n\n\n\n<hr class=\"wp-block-separator has-alpha-channel-opacity\"\/>\n\n\n\n<h2 class=\"wp-block-heading\">UEMSS 2025<\/h2>\n\n\n\n<p>L&rsquo;Universit\u00e9 d&rsquo;\u00c9t\u00e9 des Mouvements Sociaux et des Solidarit\u00e9s (UEMSS) est un moment cl\u00e9 de rencontres, de d\u00e9bats, de formation mutuelle, d\u2019activit\u00e9s culturelles et artistiques engag\u00e9es. Cet \u00e9v\u00e9nement national a lieu pour la premi\u00e8re fois sur la m\u00e9tropole de Bordeaux. En plus de faire partie du Comit\u00e9 de Pilotage de l&rsquo;\u00e9v\u00e9nement, la Pang\u00e9e y pr\u00e9sente <a href=\"https:\/\/associationlapangee.org\/index.php\/le-musee-des-passages\/\">le Mus\u00e9e des Passages<\/a>, une exposition vivante cr\u00e9\u00e9e par celles et ceux qui traversent le monde. Rendez-vous du 23 au 26 ao\u00fbt 2025 !<\/p>\n\n\n\n<figure class=\"wp-block-image size-large\"><img decoding=\"async\" loading=\"lazy\" width=\"714\" height=\"1024\" src=\"https:\/\/associationlapangee.org\/wp-content\/uploads\/2025\/08\/1000038860-714x1024.webp\" alt=\"\" class=\"wp-image-815\" srcset=\"https:\/\/associationlapangee.org\/wp-content\/uploads\/2025\/08\/1000038860-714x1024.webp 714w, https:\/\/associationlapangee.org\/wp-content\/uploads\/2025\/08\/1000038860-209x300.webp 209w, https:\/\/associationlapangee.org\/wp-content\/uploads\/2025\/08\/1000038860.webp 720w\" sizes=\"(max-width: 714px) 100vw, 714px\" \/><\/figure>\n\n\n\n<p><\/p>\n\n\n\n<hr class=\"wp-block-separator has-alpha-channel-opacity\"\/>\n\n\n\n<div class=\"wp-block-columns is-layout-flex wp-container-8\">\n<div class=\"wp-block-column is-layout-flow\">\n<ul class=\"wp-block-social-links is-content-justification-left is-layout-flex wp-container-1\"><li class=\"wp-social-link wp-social-link-facebook wp-block-social-link\"><a href=\"https:\/\/www.facebook.com\/lapangee.asso\" class=\"wp-block-social-link-anchor\"><svg width=\"24\" height=\"24\" viewBox=\"0 0 24 24\" version=\"1.1\" xmlns=\"http:\/\/www.w3.org\/2000\/svg\" aria-hidden=\"true\" focusable=\"false\"><path d=\"M12 2C6.5 2 2 6.5 2 12c0 5 3.7 9.1 8.4 9.9v-7H7.9V12h2.5V9.8c0-2.5 1.5-3.9 3.8-3.9 1.1 0 2.2.2 2.2.2v2.5h-1.3c-1.2 0-1.6.8-1.6 1.6V12h2.8l-.4 2.9h-2.3v7C18.3 21.1 22 17 22 12c0-5.5-4.5-10-10-10z\"><\/path><\/svg><span class=\"wp-block-social-link-label screen-reader-text\">Facebook<\/span><\/a><\/li>\n\n<li class=\"wp-social-link wp-social-link-instagram wp-block-social-link\"><a href=\"https:\/\/www.instagram.com\/lapangee.asso\" class=\"wp-block-social-link-anchor\"><svg width=\"24\" height=\"24\" viewBox=\"0 0 24 24\" version=\"1.1\" xmlns=\"http:\/\/www.w3.org\/2000\/svg\" aria-hidden=\"true\" focusable=\"false\"><path d=\"M12,4.622c2.403,0,2.688,0.009,3.637,0.052c0.877,0.04,1.354,0.187,1.671,0.31c0.42,0.163,0.72,0.358,1.035,0.673 c0.315,0.315,0.51,0.615,0.673,1.035c0.123,0.317,0.27,0.794,0.31,1.671c0.043,0.949,0.052,1.234,0.052,3.637 s-0.009,2.688-0.052,3.637c-0.04,0.877-0.187,1.354-0.31,1.671c-0.163,0.42-0.358,0.72-0.673,1.035 c-0.315,0.315-0.615,0.51-1.035,0.673c-0.317,0.123-0.794,0.27-1.671,0.31c-0.949,0.043-1.233,0.052-3.637,0.052 s-2.688-0.009-3.637-0.052c-0.877-0.04-1.354-0.187-1.671-0.31c-0.42-0.163-0.72-0.358-1.035-0.673 c-0.315-0.315-0.51-0.615-0.673-1.035c-0.123-0.317-0.27-0.794-0.31-1.671C4.631,14.688,4.622,14.403,4.622,12 s0.009-2.688,0.052-3.637c0.04-0.877,0.187-1.354,0.31-1.671c0.163-0.42,0.358-0.72,0.673-1.035 c0.315-0.315,0.615-0.51,1.035-0.673c0.317-0.123,0.794-0.27,1.671-0.31C9.312,4.631,9.597,4.622,12,4.622 M12,3 C9.556,3,9.249,3.01,8.289,3.054C7.331,3.098,6.677,3.25,6.105,3.472C5.513,3.702,5.011,4.01,4.511,4.511 c-0.5,0.5-0.808,1.002-1.038,1.594C3.25,6.677,3.098,7.331,3.054,8.289C3.01,9.249,3,9.556,3,12c0,2.444,0.01,2.751,0.054,3.711 c0.044,0.958,0.196,1.612,0.418,2.185c0.23,0.592,0.538,1.094,1.038,1.594c0.5,0.5,1.002,0.808,1.594,1.038 c0.572,0.222,1.227,0.375,2.185,0.418C9.249,20.99,9.556,21,12,21s2.751-0.01,3.711-0.054c0.958-0.044,1.612-0.196,2.185-0.418 c0.592-0.23,1.094-0.538,1.594-1.038c0.5-0.5,0.808-1.002,1.038-1.594c0.222-0.572,0.375-1.227,0.418-2.185 C20.99,14.751,21,14.444,21,12s-0.01-2.751-0.054-3.711c-0.044-0.958-0.196-1.612-0.418-2.185c-0.23-0.592-0.538-1.094-1.038-1.594 c-0.5-0.5-1.002-0.808-1.594-1.038c-0.572-0.222-1.227-0.375-2.185-0.418C14.751,3.01,14.444,3,12,3L12,3z M12,7.378 c-2.552,0-4.622,2.069-4.622,4.622S9.448,16.622,12,16.622s4.622-2.069,4.622-4.622S14.552,7.378,12,7.378z M12,15 c-1.657,0-3-1.343-3-3s1.343-3,3-3s3,1.343,3,3S13.657,15,12,15z M16.804,6.116c-0.596,0-1.08,0.484-1.08,1.08 s0.484,1.08,1.08,1.08c0.596,0,1.08-0.484,1.08-1.08S17.401,6.116,16.804,6.116z\"><\/path><\/svg><span class=\"wp-block-social-link-label screen-reader-text\">Instagram<\/span><\/a><\/li>\n\n<li class=\"wp-social-link wp-social-link-tiktok wp-block-social-link\"><a href=\"https:\/\/www.tiktok.com\/@lapangee.asso\" class=\"wp-block-social-link-anchor\"><svg width=\"24\" height=\"24\" viewBox=\"0 0 32 32\" version=\"1.1\" xmlns=\"http:\/\/www.w3.org\/2000\/svg\" aria-hidden=\"true\" focusable=\"false\"><path d=\"M16.708 0.027c1.745-0.027 3.48-0.011 5.213-0.027 0.105 2.041 0.839 4.12 2.333 5.563 1.491 1.479 3.6 2.156 5.652 2.385v5.369c-1.923-0.063-3.855-0.463-5.6-1.291-0.76-0.344-1.468-0.787-2.161-1.24-0.009 3.896 0.016 7.787-0.025 11.667-0.104 1.864-0.719 3.719-1.803 5.255-1.744 2.557-4.771 4.224-7.88 4.276-1.907 0.109-3.812-0.411-5.437-1.369-2.693-1.588-4.588-4.495-4.864-7.615-0.032-0.667-0.043-1.333-0.016-1.984 0.24-2.537 1.495-4.964 3.443-6.615 2.208-1.923 5.301-2.839 8.197-2.297 0.027 1.975-0.052 3.948-0.052 5.923-1.323-0.428-2.869-0.308-4.025 0.495-0.844 0.547-1.485 1.385-1.819 2.333-0.276 0.676-0.197 1.427-0.181 2.145 0.317 2.188 2.421 4.027 4.667 3.828 1.489-0.016 2.916-0.88 3.692-2.145 0.251-0.443 0.532-0.896 0.547-1.417 0.131-2.385 0.079-4.76 0.095-7.145 0.011-5.375-0.016-10.735 0.025-16.093z\" \/><\/svg><span class=\"wp-block-social-link-label screen-reader-text\">TikTok<\/span><\/a><\/li>\n\n<li class=\"wp-social-link wp-social-link-spotify wp-block-social-link\"><a href=\"https:\/\/open.spotify.com\/user\/31fejp2dscoqx3232ek23pcz23ku?si=ad9d381c29f1459d\" class=\"wp-block-social-link-anchor\"><svg width=\"24\" height=\"24\" viewBox=\"0 0 24 24\" version=\"1.1\" xmlns=\"http:\/\/www.w3.org\/2000\/svg\" aria-hidden=\"true\" focusable=\"false\"><path d=\"M12,2C6.477,2,2,6.477,2,12c0,5.523,4.477,10,10,10c5.523,0,10-4.477,10-10C22,6.477,17.523,2,12,2 M16.586,16.424 c-0.18,0.295-0.563,0.387-0.857,0.207c-2.348-1.435-5.304-1.76-8.785-0.964c-0.335,0.077-0.67-0.133-0.746-0.469 c-0.077-0.335,0.132-0.67,0.469-0.746c3.809-0.871,7.077-0.496,9.713,1.115C16.673,15.746,16.766,16.13,16.586,16.424 M17.81,13.7 c-0.226,0.367-0.706,0.482-1.072,0.257c-2.687-1.652-6.785-2.131-9.965-1.166C6.36,12.917,5.925,12.684,5.8,12.273 C5.675,11.86,5.908,11.425,6.32,11.3c3.632-1.102,8.147-0.568,11.234,1.328C17.92,12.854,18.035,13.335,17.81,13.7 M17.915,10.865 c-3.223-1.914-8.54-2.09-11.618-1.156C5.804,9.859,5.281,9.58,5.131,9.086C4.982,8.591,5.26,8.069,5.755,7.919 c3.532-1.072,9.404-0.865,13.115,1.338c0.445,0.264,0.59,0.838,0.327,1.282C18.933,10.983,18.359,11.129,17.915,10.865\"><\/path><\/svg><span class=\"wp-block-social-link-label screen-reader-text\">Spotify<\/span><\/a><\/li>\n\n<li class=\"wp-social-link wp-social-link-mail wp-block-social-link\"><a href=\"mailto:lapangee.asso@gmail.com\" class=\"wp-block-social-link-anchor\"><svg width=\"24\" height=\"24\" viewBox=\"0 0 24 24\" version=\"1.1\" xmlns=\"http:\/\/www.w3.org\/2000\/svg\" aria-hidden=\"true\" focusable=\"false\"><path d=\"M20,4H4C2.895,4,2,4.895,2,6v12c0,1.105,0.895,2,2,2h16c1.105,0,2-0.895,2-2V6C22,4.895,21.105,4,20,4z M20,8.236l-8,4.882 L4,8.236V6h16V8.236z\"><\/path><\/svg><span class=\"wp-block-social-link-label screen-reader-text\">Mail<\/span><\/a><\/li><\/ul>\n<\/div>\n\n\n\n<div class=\"wp-block-column is-layout-flow\" style=\"flex-basis:45%\">\n<div class=\"wp-block-buttons is-horizontal is-content-justification-right is-layout-flex wp-container-3\">\n<div class=\"wp-block-button\"><a class=\"wp-block-button__link wp-element-button\" href=\"https:\/\/www.helloasso.com\/associations\/collectif-la-pangee\/adhesions\/adhesion-a-la-pangee\" target=\"_blank\" rel=\"noreferrer noopener\">ENVIE DE NOUS SOUTENIR ?<\/a><\/div>\n<\/div>\n\n\n\n<div class=\"wp-block-group is-layout-constrained\"><div class=\"wp-block-group__inner-container\">\n<div class=\"wp-block-columns is-layout-flex wp-container-5\">\n<div class=\"wp-block-column is-layout-flow\"><\/div>\n<\/div>\n<\/div><\/div>\n<\/div>\n<\/div>\n\n\n\n<p><\/p>\n","protected":false},"excerpt":{"rendered":"<p>LE MUSEE DES PASSAGES &#8211; LA CAMPAGNE DE FINANCEMENT PARTICIPATIF Pour la toute premi\u00e8re fois de son histoire, la Pang\u00e9e a cr\u00e9\u00e9 une campagne de financement participatif pour l&rsquo;un de ses projets, le Mus\u00e9e des Passages. Attention, ce n&rsquo;est pas n&rsquo;importe quelle campagne : la Ville de Bordeaux double tous vos dons ! Vous souhaitez [&hellip;]<\/p>\n","protected":false},"author":1,"featured_media":0,"parent":0,"menu_order":1,"comment_status":"closed","ping_status":"closed","template":"","meta":[],"_links":{"self":[{"href":"https:\/\/associationlapangee.org\/index.php\/wp-json\/wp\/v2\/pages\/826"}],"collection":[{"href":"https:\/\/associationlapangee.org\/index.php\/wp-json\/wp\/v2\/pages"}],"about":[{"href":"https:\/\/associationlapangee.org\/index.php\/wp-json\/wp\/v2\/types\/page"}],"author":[{"embeddable":true,"href":"https:\/\/associationlapangee.org\/index.php\/wp-json\/wp\/v2\/users\/1"}],"replies":[{"embeddable":true,"href":"https:\/\/associationlapangee.org\/index.php\/wp-json\/wp\/v2\/comments?post=826"}],"version-history":[{"count":15,"href":"https:\/\/associationlapangee.org\/index.php\/wp-json\/wp\/v2\/pages\/826\/revisions"}],"predecessor-version":[{"id":946,"href":"https:\/\/associationlapangee.org\/index.php\/wp-json\/wp\/v2\/pages\/826\/revisions\/946"}],"wp:attachment":[{"href":"https:\/\/associationlapangee.org\/index.php\/wp-json\/wp\/v2\/media?parent=826"}],"curies":[{"name":"wp","href":"https:\/\/api.w.org\/{rel}","templated":true}]}}