{"id":407,"date":"2024-05-20T19:37:18","date_gmt":"2024-05-20T17:37:18","guid":{"rendered":"https:\/\/associationlapangee.org\/?page_id=407"},"modified":"2025-11-03T15:34:06","modified_gmt":"2025-11-03T14:34:06","slug":"des-fils-et-des-mains","status":"publish","type":"page","link":"https:\/\/associationlapangee.org\/index.php\/les-projets\/des-fils-et-des-mains\/","title":{"rendered":"Des Fils et des Mains"},"content":{"rendered":"\n<h2 class=\"wp-block-heading\">Un d\u00e9fil\u00e9 au service des identit\u00e9s plurielles<\/h2>\n\n\n\n<p>Depuis sa premi\u00e8re \u00e9dition en 2023, Des Fils et des Mains a su imposer une vision nouvelle de la mode, loin des repr\u00e9sentations \u00e9litistes et normatives. Ce projet participatif place le v\u00eatement au c\u0153ur d\u2019une r\u00e9flexion collective sur les identit\u00e9s culturelles, corporelles et de genre. Plus qu\u2019un simple d\u00e9fil\u00e9, il est une c\u00e9l\u00e9bration des diversit\u00e9s, une mise en lumi\u00e8re des r\u00e9cits personnels qui se tissent dans chaque motif, chaque coupe, chaque couleur, chaque texture.<\/p>\n\n\n\n<figure class=\"wp-block-gallery has-nested-images columns-default is-cropped wp-block-gallery-1 is-layout-flex\">\n<figure class=\"wp-block-image size-large\"><img decoding=\"async\" loading=\"lazy\" width=\"1024\" height=\"769\" data-id=\"515\"  src=\"https:\/\/associationlapangee.org\/wp-content\/uploads\/2025\/03\/484916984_1141624707755900_3348810537586186049_n-1024x769.jpg\" alt=\"\" class=\"wp-image-515\" srcset=\"https:\/\/associationlapangee.org\/wp-content\/uploads\/2025\/03\/484916984_1141624707755900_3348810537586186049_n-1024x769.jpg 1024w, https:\/\/associationlapangee.org\/wp-content\/uploads\/2025\/03\/484916984_1141624707755900_3348810537586186049_n-300x225.jpg 300w, https:\/\/associationlapangee.org\/wp-content\/uploads\/2025\/03\/484916984_1141624707755900_3348810537586186049_n-768x577.jpg 768w, https:\/\/associationlapangee.org\/wp-content\/uploads\/2025\/03\/484916984_1141624707755900_3348810537586186049_n-1536x1153.jpg 1536w, https:\/\/associationlapangee.org\/wp-content\/uploads\/2025\/03\/484916984_1141624707755900_3348810537586186049_n.jpg 1911w\" sizes=\"(max-width: 1024px) 100vw, 1024px\" \/><\/figure>\n\n\n\n<figure class=\"wp-block-image size-large\"><img decoding=\"async\" loading=\"lazy\" width=\"1024\" height=\"769\" data-id=\"516\"  src=\"https:\/\/associationlapangee.org\/wp-content\/uploads\/2025\/03\/484915180_1141625121089192_2887237744755767737_n-1024x769.jpg\" alt=\"\" class=\"wp-image-516\" srcset=\"https:\/\/associationlapangee.org\/wp-content\/uploads\/2025\/03\/484915180_1141625121089192_2887237744755767737_n-1024x769.jpg 1024w, https:\/\/associationlapangee.org\/wp-content\/uploads\/2025\/03\/484915180_1141625121089192_2887237744755767737_n-300x225.jpg 300w, https:\/\/associationlapangee.org\/wp-content\/uploads\/2025\/03\/484915180_1141625121089192_2887237744755767737_n-768x577.jpg 768w, https:\/\/associationlapangee.org\/wp-content\/uploads\/2025\/03\/484915180_1141625121089192_2887237744755767737_n-1536x1153.jpg 1536w, https:\/\/associationlapangee.org\/wp-content\/uploads\/2025\/03\/484915180_1141625121089192_2887237744755767737_n.jpg 1911w\" sizes=\"(max-width: 1024px) 100vw, 1024px\" \/><\/figure>\n\n\n\n<figure class=\"wp-block-image size-large\"><img decoding=\"async\" loading=\"lazy\" width=\"1024\" height=\"769\" data-id=\"517\"  src=\"https:\/\/associationlapangee.org\/wp-content\/uploads\/2025\/03\/485157828_1141625167755854_4014388659029972831_n-1024x769.jpg\" alt=\"\" class=\"wp-image-517\" srcset=\"https:\/\/associationlapangee.org\/wp-content\/uploads\/2025\/03\/485157828_1141625167755854_4014388659029972831_n-1024x769.jpg 1024w, https:\/\/associationlapangee.org\/wp-content\/uploads\/2025\/03\/485157828_1141625167755854_4014388659029972831_n-300x225.jpg 300w, https:\/\/associationlapangee.org\/wp-content\/uploads\/2025\/03\/485157828_1141625167755854_4014388659029972831_n-768x577.jpg 768w, https:\/\/associationlapangee.org\/wp-content\/uploads\/2025\/03\/485157828_1141625167755854_4014388659029972831_n-1536x1153.jpg 1536w, https:\/\/associationlapangee.org\/wp-content\/uploads\/2025\/03\/485157828_1141625167755854_4014388659029972831_n.jpg 1911w\" sizes=\"(max-width: 1024px) 100vw, 1024px\" \/><\/figure>\n\n\n\n<figure class=\"wp-block-image size-large\"><img decoding=\"async\" loading=\"lazy\" width=\"1024\" height=\"683\" data-id=\"513\"  src=\"https:\/\/associationlapangee.org\/wp-content\/uploads\/2025\/03\/473326567_2294808337585602_7804538099263181225_n-1024x683.jpg\" alt=\"\" class=\"wp-image-513\" srcset=\"https:\/\/associationlapangee.org\/wp-content\/uploads\/2025\/03\/473326567_2294808337585602_7804538099263181225_n-1024x683.jpg 1024w, https:\/\/associationlapangee.org\/wp-content\/uploads\/2025\/03\/473326567_2294808337585602_7804538099263181225_n-300x200.jpg 300w, https:\/\/associationlapangee.org\/wp-content\/uploads\/2025\/03\/473326567_2294808337585602_7804538099263181225_n-768x512.jpg 768w, https:\/\/associationlapangee.org\/wp-content\/uploads\/2025\/03\/473326567_2294808337585602_7804538099263181225_n-1536x1024.jpg 1536w, https:\/\/associationlapangee.org\/wp-content\/uploads\/2025\/03\/473326567_2294808337585602_7804538099263181225_n.jpg 1920w\" sizes=\"(max-width: 1024px) 100vw, 1024px\" \/><\/figure>\n\n\n\n<figure class=\"wp-block-image size-large\"><img decoding=\"async\" loading=\"lazy\" width=\"1024\" height=\"683\" data-id=\"512\"  src=\"https:\/\/associationlapangee.org\/wp-content\/uploads\/2025\/03\/481056177_645581991502521_6204519584854306838_n-1024x683.jpg\" alt=\"\" class=\"wp-image-512\" srcset=\"https:\/\/associationlapangee.org\/wp-content\/uploads\/2025\/03\/481056177_645581991502521_6204519584854306838_n-1024x683.jpg 1024w, https:\/\/associationlapangee.org\/wp-content\/uploads\/2025\/03\/481056177_645581991502521_6204519584854306838_n-300x200.jpg 300w, https:\/\/associationlapangee.org\/wp-content\/uploads\/2025\/03\/481056177_645581991502521_6204519584854306838_n-768x512.jpg 768w, https:\/\/associationlapangee.org\/wp-content\/uploads\/2025\/03\/481056177_645581991502521_6204519584854306838_n-1536x1024.jpg 1536w, https:\/\/associationlapangee.org\/wp-content\/uploads\/2025\/03\/481056177_645581991502521_6204519584854306838_n.jpg 2048w\" sizes=\"(max-width: 1024px) 100vw, 1024px\" \/><\/figure>\n\n\n\n<figure class=\"wp-block-image size-large\"><img decoding=\"async\" loading=\"lazy\" width=\"1024\" height=\"683\" data-id=\"511\"  src=\"https:\/\/associationlapangee.org\/wp-content\/uploads\/2025\/03\/481078187_645581878169199_1306246956100279118_n-1024x683.jpg\" alt=\"\" class=\"wp-image-511\" srcset=\"https:\/\/associationlapangee.org\/wp-content\/uploads\/2025\/03\/481078187_645581878169199_1306246956100279118_n-1024x683.jpg 1024w, https:\/\/associationlapangee.org\/wp-content\/uploads\/2025\/03\/481078187_645581878169199_1306246956100279118_n-300x200.jpg 300w, https:\/\/associationlapangee.org\/wp-content\/uploads\/2025\/03\/481078187_645581878169199_1306246956100279118_n-768x512.jpg 768w, https:\/\/associationlapangee.org\/wp-content\/uploads\/2025\/03\/481078187_645581878169199_1306246956100279118_n-1536x1024.jpg 1536w, https:\/\/associationlapangee.org\/wp-content\/uploads\/2025\/03\/481078187_645581878169199_1306246956100279118_n.jpg 2048w\" sizes=\"(max-width: 1024px) 100vw, 1024px\" \/><\/figure>\n\n\n\n<figure class=\"wp-block-image size-large\"><img decoding=\"async\" loading=\"lazy\" width=\"1024\" height=\"683\" data-id=\"514\"  src=\"https:\/\/associationlapangee.org\/wp-content\/uploads\/2025\/03\/481768015_645581828169204_2634268713603827066_n-1024x683.jpg\" alt=\"\" class=\"wp-image-514\" srcset=\"https:\/\/associationlapangee.org\/wp-content\/uploads\/2025\/03\/481768015_645581828169204_2634268713603827066_n-1024x683.jpg 1024w, https:\/\/associationlapangee.org\/wp-content\/uploads\/2025\/03\/481768015_645581828169204_2634268713603827066_n-300x200.jpg 300w, https:\/\/associationlapangee.org\/wp-content\/uploads\/2025\/03\/481768015_645581828169204_2634268713603827066_n-768x512.jpg 768w, https:\/\/associationlapangee.org\/wp-content\/uploads\/2025\/03\/481768015_645581828169204_2634268713603827066_n-1536x1024.jpg 1536w, https:\/\/associationlapangee.org\/wp-content\/uploads\/2025\/03\/481768015_645581828169204_2634268713603827066_n.jpg 2048w\" sizes=\"(max-width: 1024px) 100vw, 1024px\" \/><\/figure>\n<\/figure>\n\n\n\n<h2 class=\"wp-block-heading\">Une aventure collective, entre cr\u00e9ation et transmission<\/h2>\n\n\n\n<p>Pendant plus de deux ans, professionnel\u00b7le\u00b7s et amateur\u00b7rice\u00b7s de la couture ont collabor\u00e9 pour donner naissance \u00e0 une collection unique, reflet des multiples identit\u00e9s et h\u00e9ritages de ses cr\u00e9ateurs. Chaque pi\u00e8ce raconte une histoire, port\u00e9e par les mains qui l\u2019ont fa\u00e7onn\u00e9e et les inspirations venues des quatre coins du monde. Les v\u00eatements ne sont pas seulement des objets : ils sont m\u00e9moire, revendication et expression de soi.<\/p>\n\n\n\n<figure class=\"wp-block-gallery has-nested-images columns-default is-cropped wp-block-gallery-3 is-layout-flex\">\n<figure class=\"wp-block-image size-large\"><img decoding=\"async\" loading=\"lazy\" width=\"724\" height=\"1024\" data-id=\"449\"  src=\"https:\/\/associationlapangee.org\/wp-content\/uploads\/2024\/11\/AFFCHE-DEFILE-1-724x1024.png\" alt=\"\" class=\"wp-image-449\" srcset=\"https:\/\/associationlapangee.org\/wp-content\/uploads\/2024\/11\/AFFCHE-DEFILE-1-724x1024.png 724w, https:\/\/associationlapangee.org\/wp-content\/uploads\/2024\/11\/AFFCHE-DEFILE-1-212x300.png 212w, https:\/\/associationlapangee.org\/wp-content\/uploads\/2024\/11\/AFFCHE-DEFILE-1-768x1086.png 768w, https:\/\/associationlapangee.org\/wp-content\/uploads\/2024\/11\/AFFCHE-DEFILE-1-1086x1536.png 1086w, https:\/\/associationlapangee.org\/wp-content\/uploads\/2024\/11\/AFFCHE-DEFILE-1-1448x2048.png 1448w, https:\/\/associationlapangee.org\/wp-content\/uploads\/2024\/11\/AFFCHE-DEFILE-1.png 1587w\" sizes=\"(max-width: 724px) 100vw, 724px\" \/><figcaption class=\"wp-element-caption\">Affiche d\u00e9fil\u00e9 2025<\/figcaption><\/figure>\n\n\n\n<figure class=\"wp-block-image size-large\"><img decoding=\"async\" loading=\"lazy\" width=\"724\" height=\"1024\" data-id=\"448\"  src=\"https:\/\/associationlapangee.org\/wp-content\/uploads\/2024\/11\/AFFICHE-OFF-DFDM-compressee-1-724x1024.png\" alt=\"\" class=\"wp-image-448\" srcset=\"https:\/\/associationlapangee.org\/wp-content\/uploads\/2024\/11\/AFFICHE-OFF-DFDM-compressee-1-724x1024.png 724w, https:\/\/associationlapangee.org\/wp-content\/uploads\/2024\/11\/AFFICHE-OFF-DFDM-compressee-1-212x300.png 212w, https:\/\/associationlapangee.org\/wp-content\/uploads\/2024\/11\/AFFICHE-OFF-DFDM-compressee-1-768x1086.png 768w, https:\/\/associationlapangee.org\/wp-content\/uploads\/2024\/11\/AFFICHE-OFF-DFDM-compressee-1-1086x1536.png 1086w, https:\/\/associationlapangee.org\/wp-content\/uploads\/2024\/11\/AFFICHE-OFF-DFDM-compressee-1.png 1414w\" sizes=\"(max-width: 724px) 100vw, 724px\" \/><figcaption class=\"wp-element-caption\">Affiche semaine 2024<\/figcaption><\/figure>\n<\/figure>\n\n\n\n<h2 class=\"wp-block-heading\">Une synergie entre trois associations engag\u00e9es<\/h2>\n\n\n\n<p>Ce projet est n\u00e9 d&rsquo;une rencontre et d&rsquo;une volont\u00e9 de faire-ensemble. Trois associations bordelaises ont d\u00e9cid\u00e9 d&rsquo;unir leurs valeurs et leur cr\u00e9ativit\u00e9 pour exp\u00e9rimenter une nouvelle mani\u00e8re de faire-ensemble.<\/p>\n\n\n\n<ul>\n<li><em>Tandis que nous cousons&#8230;<\/em> est une association qui utilise la couture comme vecteur de lien social et d&rsquo;expression. Elle organise des moments de couture partag\u00e9s lors d&rsquo;ateliers et dans des lieux inattendus avec des structures m\u00e9dico-sociales.<\/li>\n<\/ul>\n\n\n\n<ul>\n<li><em>La Maison De La<\/em> est une association artistique, drag et pluridisciplinaire qui a pour vocation de conserver, perp\u00e9tuer l\u2019art Club-Kids et militer pour la professionnalisation du drag. Les actions de l&rsquo;association visent \u00e0 promouvoir la diff\u00e9rence, l\u2019\u00eatre-en-marge et \u00e0 \u00e9veiller la curiosit\u00e9 de chacun.e.<\/li>\n<\/ul>\n\n\n\n<ul>\n<li><em>La Pang\u00e9e<\/em> est une initiative citoyenne, sociale et culturelle qui \u0153uvre \u00e0 c\u00e9l\u00e9brer la diversit\u00e9 sans fronti\u00e8re. Elle organise des rencontres interculturelles, coordonne des actions co-construites, facilite la coop\u00e9ration entre les acteur.ice.s du territoire et met en \u0153uvre le respect des droits culturels.<\/li>\n<\/ul>\n\n\n\n<p>Engag\u00e9es sur des sujets diff\u00e9rents, ces trois structures se sont rassembl\u00e9es sur un socle commun : la valorisation de toutes les diversit\u00e9s. \u00c0 travers une trentaine d&rsquo;ateliers de couture gratuits et un \u00e9v\u00e9nement pluridisciplinaire pr\u00e9sent\u00e9 dans la chapelle de la Villa Pia, ce sont plus de 600 personnes qui ont particip\u00e9 aux deux \u00e9ditions de ce projet et une soixantaine de pi\u00e8ces ont \u00e9t\u00e9 cr\u00e9es en collectif. <\/p>\n\n\n\n<p>Soutenu par la Quinzaine de l\u2019\u00c9galit\u00e9 et de la Diversit\u00e9 de la Mairie de Bordeaux, Des Fils et des Mains est une exp\u00e9rimentation qui a prouv\u00e9 la n\u00e9cessit\u00e9 de cr\u00e9er des espaces o\u00f9 les corps et les identit\u00e9s peuvent exister librement, loin des normes et des jugements. Une initiative qui, au-del\u00e0 du textile, tisse des liens humains et fa\u00e7onne une vision plus inclusive du monde.<\/p>\n\n\n\n<div class=\"wp-block-group is-layout-constrained\"><div class=\"wp-block-group__inner-container\">\n<div class=\"wp-block-columns is-layout-flex wp-container-8\">\n<div class=\"wp-block-column is-layout-flow\" style=\"flex-basis:100%\">\n<figure class=\"wp-block-gallery has-nested-images columns-default is-cropped wp-block-gallery-5 is-layout-flex\">\n<figure class=\"wp-block-image size-large\"><img decoding=\"async\" loading=\"lazy\" width=\"675\" height=\"1024\" src=\"https:\/\/associationlapangee.org\/wp-content\/uploads\/2024\/05\/AFFICHE-FINALE-NOIRE-675x1024.jpg\" alt=\"\" class=\"wp-image-408\" srcset=\"https:\/\/associationlapangee.org\/wp-content\/uploads\/2024\/05\/AFFICHE-FINALE-NOIRE-675x1024.jpg 675w, https:\/\/associationlapangee.org\/wp-content\/uploads\/2024\/05\/AFFICHE-FINALE-NOIRE-198x300.jpg 198w, https:\/\/associationlapangee.org\/wp-content\/uploads\/2024\/05\/AFFICHE-FINALE-NOIRE-768x1166.jpg 768w, https:\/\/associationlapangee.org\/wp-content\/uploads\/2024\/05\/AFFICHE-FINALE-NOIRE-1012x1536.jpg 1012w, https:\/\/associationlapangee.org\/wp-content\/uploads\/2024\/05\/AFFICHE-FINALE-NOIRE-1349x2048.jpg 1349w, https:\/\/associationlapangee.org\/wp-content\/uploads\/2024\/05\/AFFICHE-FINALE-NOIRE-scaled.jpg 1687w\" sizes=\"(max-width: 675px) 100vw, 675px\" \/><figcaption class=\"wp-element-caption\">Affiche d\u00e9fil\u00e9 2023<\/figcaption><\/figure>\n<\/figure>\n<\/div>\n<\/div>\n<\/div><\/div>\n\n\n\n<p><\/p>\n\n\n\n<hr class=\"wp-block-separator has-alpha-channel-opacity\"\/>\n\n\n\n<div class=\"wp-block-columns is-layout-flex wp-container-17\">\n<div class=\"wp-block-column is-layout-flow\">\n<ul class=\"wp-block-social-links is-content-justification-left is-layout-flex wp-container-10\"><li class=\"wp-social-link wp-social-link-facebook wp-block-social-link\"><a href=\"https:\/\/www.facebook.com\/lapangee.asso\" class=\"wp-block-social-link-anchor\"><svg width=\"24\" height=\"24\" viewBox=\"0 0 24 24\" version=\"1.1\" xmlns=\"http:\/\/www.w3.org\/2000\/svg\" aria-hidden=\"true\" focusable=\"false\"><path d=\"M12 2C6.5 2 2 6.5 2 12c0 5 3.7 9.1 8.4 9.9v-7H7.9V12h2.5V9.8c0-2.5 1.5-3.9 3.8-3.9 1.1 0 2.2.2 2.2.2v2.5h-1.3c-1.2 0-1.6.8-1.6 1.6V12h2.8l-.4 2.9h-2.3v7C18.3 21.1 22 17 22 12c0-5.5-4.5-10-10-10z\"><\/path><\/svg><span class=\"wp-block-social-link-label screen-reader-text\">Facebook<\/span><\/a><\/li>\n\n<li class=\"wp-social-link wp-social-link-instagram wp-block-social-link\"><a href=\"https:\/\/www.instagram.com\/lapangee.asso\" class=\"wp-block-social-link-anchor\"><svg width=\"24\" height=\"24\" viewBox=\"0 0 24 24\" version=\"1.1\" xmlns=\"http:\/\/www.w3.org\/2000\/svg\" aria-hidden=\"true\" focusable=\"false\"><path d=\"M12,4.622c2.403,0,2.688,0.009,3.637,0.052c0.877,0.04,1.354,0.187,1.671,0.31c0.42,0.163,0.72,0.358,1.035,0.673 c0.315,0.315,0.51,0.615,0.673,1.035c0.123,0.317,0.27,0.794,0.31,1.671c0.043,0.949,0.052,1.234,0.052,3.637 s-0.009,2.688-0.052,3.637c-0.04,0.877-0.187,1.354-0.31,1.671c-0.163,0.42-0.358,0.72-0.673,1.035 c-0.315,0.315-0.615,0.51-1.035,0.673c-0.317,0.123-0.794,0.27-1.671,0.31c-0.949,0.043-1.233,0.052-3.637,0.052 s-2.688-0.009-3.637-0.052c-0.877-0.04-1.354-0.187-1.671-0.31c-0.42-0.163-0.72-0.358-1.035-0.673 c-0.315-0.315-0.51-0.615-0.673-1.035c-0.123-0.317-0.27-0.794-0.31-1.671C4.631,14.688,4.622,14.403,4.622,12 s0.009-2.688,0.052-3.637c0.04-0.877,0.187-1.354,0.31-1.671c0.163-0.42,0.358-0.72,0.673-1.035 c0.315-0.315,0.615-0.51,1.035-0.673c0.317-0.123,0.794-0.27,1.671-0.31C9.312,4.631,9.597,4.622,12,4.622 M12,3 C9.556,3,9.249,3.01,8.289,3.054C7.331,3.098,6.677,3.25,6.105,3.472C5.513,3.702,5.011,4.01,4.511,4.511 c-0.5,0.5-0.808,1.002-1.038,1.594C3.25,6.677,3.098,7.331,3.054,8.289C3.01,9.249,3,9.556,3,12c0,2.444,0.01,2.751,0.054,3.711 c0.044,0.958,0.196,1.612,0.418,2.185c0.23,0.592,0.538,1.094,1.038,1.594c0.5,0.5,1.002,0.808,1.594,1.038 c0.572,0.222,1.227,0.375,2.185,0.418C9.249,20.99,9.556,21,12,21s2.751-0.01,3.711-0.054c0.958-0.044,1.612-0.196,2.185-0.418 c0.592-0.23,1.094-0.538,1.594-1.038c0.5-0.5,0.808-1.002,1.038-1.594c0.222-0.572,0.375-1.227,0.418-2.185 C20.99,14.751,21,14.444,21,12s-0.01-2.751-0.054-3.711c-0.044-0.958-0.196-1.612-0.418-2.185c-0.23-0.592-0.538-1.094-1.038-1.594 c-0.5-0.5-1.002-0.808-1.594-1.038c-0.572-0.222-1.227-0.375-2.185-0.418C14.751,3.01,14.444,3,12,3L12,3z M12,7.378 c-2.552,0-4.622,2.069-4.622,4.622S9.448,16.622,12,16.622s4.622-2.069,4.622-4.622S14.552,7.378,12,7.378z M12,15 c-1.657,0-3-1.343-3-3s1.343-3,3-3s3,1.343,3,3S13.657,15,12,15z M16.804,6.116c-0.596,0-1.08,0.484-1.08,1.08 s0.484,1.08,1.08,1.08c0.596,0,1.08-0.484,1.08-1.08S17.401,6.116,16.804,6.116z\"><\/path><\/svg><span class=\"wp-block-social-link-label screen-reader-text\">Instagram<\/span><\/a><\/li>\n\n<li class=\"wp-social-link wp-social-link-tiktok wp-block-social-link\"><a href=\"https:\/\/www.tiktok.com\/@lapangee.asso\" class=\"wp-block-social-link-anchor\"><svg width=\"24\" height=\"24\" viewBox=\"0 0 32 32\" version=\"1.1\" xmlns=\"http:\/\/www.w3.org\/2000\/svg\" aria-hidden=\"true\" focusable=\"false\"><path d=\"M16.708 0.027c1.745-0.027 3.48-0.011 5.213-0.027 0.105 2.041 0.839 4.12 2.333 5.563 1.491 1.479 3.6 2.156 5.652 2.385v5.369c-1.923-0.063-3.855-0.463-5.6-1.291-0.76-0.344-1.468-0.787-2.161-1.24-0.009 3.896 0.016 7.787-0.025 11.667-0.104 1.864-0.719 3.719-1.803 5.255-1.744 2.557-4.771 4.224-7.88 4.276-1.907 0.109-3.812-0.411-5.437-1.369-2.693-1.588-4.588-4.495-4.864-7.615-0.032-0.667-0.043-1.333-0.016-1.984 0.24-2.537 1.495-4.964 3.443-6.615 2.208-1.923 5.301-2.839 8.197-2.297 0.027 1.975-0.052 3.948-0.052 5.923-1.323-0.428-2.869-0.308-4.025 0.495-0.844 0.547-1.485 1.385-1.819 2.333-0.276 0.676-0.197 1.427-0.181 2.145 0.317 2.188 2.421 4.027 4.667 3.828 1.489-0.016 2.916-0.88 3.692-2.145 0.251-0.443 0.532-0.896 0.547-1.417 0.131-2.385 0.079-4.76 0.095-7.145 0.011-5.375-0.016-10.735 0.025-16.093z\" \/><\/svg><span class=\"wp-block-social-link-label screen-reader-text\">TikTok<\/span><\/a><\/li>\n\n<li class=\"wp-social-link wp-social-link-spotify wp-block-social-link\"><a href=\"https:\/\/open.spotify.com\/user\/31fejp2dscoqx3232ek23pcz23ku?si=ad9d381c29f1459d\" class=\"wp-block-social-link-anchor\"><svg width=\"24\" height=\"24\" viewBox=\"0 0 24 24\" version=\"1.1\" xmlns=\"http:\/\/www.w3.org\/2000\/svg\" aria-hidden=\"true\" focusable=\"false\"><path d=\"M12,2C6.477,2,2,6.477,2,12c0,5.523,4.477,10,10,10c5.523,0,10-4.477,10-10C22,6.477,17.523,2,12,2 M16.586,16.424 c-0.18,0.295-0.563,0.387-0.857,0.207c-2.348-1.435-5.304-1.76-8.785-0.964c-0.335,0.077-0.67-0.133-0.746-0.469 c-0.077-0.335,0.132-0.67,0.469-0.746c3.809-0.871,7.077-0.496,9.713,1.115C16.673,15.746,16.766,16.13,16.586,16.424 M17.81,13.7 c-0.226,0.367-0.706,0.482-1.072,0.257c-2.687-1.652-6.785-2.131-9.965-1.166C6.36,12.917,5.925,12.684,5.8,12.273 C5.675,11.86,5.908,11.425,6.32,11.3c3.632-1.102,8.147-0.568,11.234,1.328C17.92,12.854,18.035,13.335,17.81,13.7 M17.915,10.865 c-3.223-1.914-8.54-2.09-11.618-1.156C5.804,9.859,5.281,9.58,5.131,9.086C4.982,8.591,5.26,8.069,5.755,7.919 c3.532-1.072,9.404-0.865,13.115,1.338c0.445,0.264,0.59,0.838,0.327,1.282C18.933,10.983,18.359,11.129,17.915,10.865\"><\/path><\/svg><span class=\"wp-block-social-link-label screen-reader-text\">Spotify<\/span><\/a><\/li>\n\n<li class=\"wp-social-link wp-social-link-mail wp-block-social-link\"><a href=\"mailto:lapangee.asso@gmail.com\" class=\"wp-block-social-link-anchor\"><svg width=\"24\" height=\"24\" viewBox=\"0 0 24 24\" version=\"1.1\" xmlns=\"http:\/\/www.w3.org\/2000\/svg\" aria-hidden=\"true\" focusable=\"false\"><path d=\"M20,4H4C2.895,4,2,4.895,2,6v12c0,1.105,0.895,2,2,2h16c1.105,0,2-0.895,2-2V6C22,4.895,21.105,4,20,4z M20,8.236l-8,4.882 L4,8.236V6h16V8.236z\"><\/path><\/svg><span class=\"wp-block-social-link-label screen-reader-text\">Mail<\/span><\/a><\/li><\/ul>\n<\/div>\n\n\n\n<div class=\"wp-block-column is-layout-flow\" style=\"flex-basis:45%\">\n<div class=\"wp-block-buttons is-horizontal is-content-justification-right is-layout-flex wp-container-12\">\n<div class=\"wp-block-button\"><a class=\"wp-block-button__link wp-element-button\" href=\"https:\/\/www.helloasso.com\/associations\/collectif-la-pangee\/adhesions\/adhesion-a-la-pangee\" target=\"_blank\" rel=\"noreferrer noopener\">ENVIE DE NOUS SOUTENIR ?<\/a><\/div>\n<\/div>\n\n\n\n<div class=\"wp-block-group is-layout-constrained\"><div class=\"wp-block-group__inner-container\">\n<div class=\"wp-block-columns is-layout-flex wp-container-14\">\n<div class=\"wp-block-column is-layout-flow\"><\/div>\n<\/div>\n<\/div><\/div>\n<\/div>\n<\/div>\n","protected":false},"excerpt":{"rendered":"<p>Un d\u00e9fil\u00e9 au service des identit\u00e9s plurielles Depuis sa premi\u00e8re \u00e9dition en 2023, Des Fils et des Mains a su imposer une vision nouvelle de la mode, loin des repr\u00e9sentations \u00e9litistes et normatives. Ce projet participatif place le v\u00eatement au c\u0153ur d\u2019une r\u00e9flexion collective sur les identit\u00e9s culturelles, corporelles et de genre. Plus qu\u2019un simple [&hellip;]<\/p>\n","protected":false},"author":1,"featured_media":0,"parent":836,"menu_order":2,"comment_status":"closed","ping_status":"closed","template":"","meta":[],"_links":{"self":[{"href":"https:\/\/associationlapangee.org\/index.php\/wp-json\/wp\/v2\/pages\/407"}],"collection":[{"href":"https:\/\/associationlapangee.org\/index.php\/wp-json\/wp\/v2\/pages"}],"about":[{"href":"https:\/\/associationlapangee.org\/index.php\/wp-json\/wp\/v2\/types\/page"}],"author":[{"embeddable":true,"href":"https:\/\/associationlapangee.org\/index.php\/wp-json\/wp\/v2\/users\/1"}],"replies":[{"embeddable":true,"href":"https:\/\/associationlapangee.org\/index.php\/wp-json\/wp\/v2\/comments?post=407"}],"version-history":[{"count":9,"href":"https:\/\/associationlapangee.org\/index.php\/wp-json\/wp\/v2\/pages\/407\/revisions"}],"predecessor-version":[{"id":859,"href":"https:\/\/associationlapangee.org\/index.php\/wp-json\/wp\/v2\/pages\/407\/revisions\/859"}],"up":[{"embeddable":true,"href":"https:\/\/associationlapangee.org\/index.php\/wp-json\/wp\/v2\/pages\/836"}],"wp:attachment":[{"href":"https:\/\/associationlapangee.org\/index.php\/wp-json\/wp\/v2\/media?parent=407"}],"curies":[{"name":"wp","href":"https:\/\/api.w.org\/{rel}","templated":true}]}}