{"id":387,"date":"2024-05-20T16:43:11","date_gmt":"2024-05-20T14:43:11","guid":{"rendered":"https:\/\/associationlapangee.org\/?page_id=387"},"modified":"2026-01-09T13:04:32","modified_gmt":"2026-01-09T12:04:32","slug":"la-voie-des-peuples","status":"publish","type":"page","link":"https:\/\/associationlapangee.org\/index.php\/les-projets\/la-voie-des-peuples\/","title":{"rendered":"La Voie des Peuples"},"content":{"rendered":"\n<h2 class=\"wp-block-heading\">Un espace de rencontres et de c\u00e9l\u00e9bration<\/h2>\n\n\n\n<p>La Voie des Peuples est bien plus qu\u2019un festival : c\u2019est une invitation \u00e0 la d\u00e9couverte, \u00e0 la rencontre et au partage. Coordonn\u00e9 par la Pang\u00e9e, cet \u00e9v\u00e9nement met \u00e0 l\u2019honneur, chaque ann\u00e9e, un peuple ou un ensemble de cultures pr\u00e9sentes sur le territoire de la Nouvelle-Aquitaine. \u00c0 travers une programmation riche et pluridisciplinaire \u2013 concerts, expositions, spectacles, projections, ateliers, discussions, village associatif, artisanat et moments conviviaux \u2013 nous cr\u00e9ons des espaces o\u00f9 les diff\u00e9rences deviennent une richesse et o\u00f9 chacun trouve sa place.<\/p>\n\n\n\n<h2 class=\"wp-block-heading\">Un festival con\u00e7u avec et pour les habitants<\/h2>\n\n\n\n<p>Notre engagement est de faire rayonner les cultures d\u00e9j\u00e0 pr\u00e9sentes en Nouvelle-Aquitaine. Nous ne faisons pas venir des artistes du bout du monde : nous co-construisons le festival avec les habitants, les associations et les structures locales qui portent ces h\u00e9ritages culturels. La Voie des Peuples est une exp\u00e9rience collective, un moment o\u00f9 des personnes aux parcours divers se retrouvent pour tisser des liens, \u00e9changer des savoirs et b\u00e2tir ensemble un monde plus ouvert et solidaire.<\/p>\n\n\n\n<h2 class=\"wp-block-heading\">Un \u00e9v\u00e9nement en mouvement<\/h2>\n\n\n\n<p>Tout comme les peuples qu\u2019il c\u00e9l\u00e8bre, le festival est <strong>nomade<\/strong> : chaque \u00e9dition investit de nouveaux lieux pour aller \u00e0 la rencontre d\u2019un public toujours plus large et diversifi\u00e9. La Voie des Peuples se pense comme un laboratoire du vivre-ensemble, o\u00f9 la musique, l\u2019art et la parole deviennent des outils de dialogue et d\u2019\u00e9mancipation.<\/p>\n\n\n\n<h2 class=\"wp-block-heading\">La 10\u00e8me Voie des Peuples &#8211; Une \u00e9dition multiculturelle<\/h2>\n\n\n\n<figure class=\"wp-block-video\"><video autoplay controls loop src=\"https:\/\/associationlapangee.org\/wp-content\/uploads\/2026\/01\/Couverture-evenement-fb-VDP10.mp4\"><\/video><\/figure>\n\n\n\n<div class=\"wp-block-buttons is-content-justification-center is-layout-flex wp-container-1\"><\/div>\n\n\n\n<p>Apr\u00e8s avoir explor\u00e9 les cultures Roms, d\u2019Afrique de l\u2019Ouest, de la Cordill\u00e8re des Andes, de l\u2019Inde, du Sahara, du Japon, du monde Lusophone, des Celtes, du monde Iranien, l\u2019\u00e9dition 2026 souhaite rassembler toutes les cultures d\u00e9j\u00e0 mises \u00e0 l&rsquo;honneur. Pour cette 10\u00e8me Voie des Peuples, c&rsquo;est un v\u00e9ritable <em>melting pot <\/em>qui se construit et s&rsquo;imagine, gr\u00e2ce \u00e0 des partenariats renouvel\u00e9s avec les communaut\u00e9s du territoire. Pour l&rsquo;occasion, le festival retourne au Parc de Mussonville, \u00e0 B\u00e8gles, les 17, 18 &amp; 19 juillet ! <\/p>\n\n\n\n<h2 class=\"wp-block-heading\">Les \u00e9ditions pr\u00e9c\u00e9dentes<\/h2>\n\n\n\n<p><\/p>\n\n\n\n<figure class=\"wp-block-gallery has-nested-images columns-default is-cropped wp-block-gallery-2 is-layout-flex\">\n<figure class=\"wp-block-image size-large\"><img decoding=\"async\" loading=\"lazy\" width=\"724\" height=\"1024\" data-id=\"507\"  src=\"https:\/\/associationlapangee.org\/wp-content\/uploads\/2025\/03\/Affiche-VDP9-3-724x1024.png\" alt=\"\" class=\"wp-image-507\" srcset=\"https:\/\/associationlapangee.org\/wp-content\/uploads\/2025\/03\/Affiche-VDP9-3-724x1024.png 724w, https:\/\/associationlapangee.org\/wp-content\/uploads\/2025\/03\/Affiche-VDP9-3-212x300.png 212w, https:\/\/associationlapangee.org\/wp-content\/uploads\/2025\/03\/Affiche-VDP9-3-768x1086.png 768w, https:\/\/associationlapangee.org\/wp-content\/uploads\/2025\/03\/Affiche-VDP9-3-1086x1536.png 1086w, https:\/\/associationlapangee.org\/wp-content\/uploads\/2025\/03\/Affiche-VDP9-3-1448x2048.png 1448w\" sizes=\"(max-width: 724px) 100vw, 724px\" \/><figcaption class=\"wp-element-caption\">Affiche VDP#9<\/figcaption><\/figure>\n\n\n\n<figure class=\"wp-block-image size-large\"><img decoding=\"async\" loading=\"lazy\" width=\"724\" height=\"1024\" data-id=\"390\"  src=\"https:\/\/associationlapangee.org\/wp-content\/uploads\/2024\/05\/AFFICHE-VDP8-HQ-AVEC-LOGO-2-724x1024.png\" alt=\"\" class=\"wp-image-390\" srcset=\"https:\/\/associationlapangee.org\/wp-content\/uploads\/2024\/05\/AFFICHE-VDP8-HQ-AVEC-LOGO-2-724x1024.png 724w, https:\/\/associationlapangee.org\/wp-content\/uploads\/2024\/05\/AFFICHE-VDP8-HQ-AVEC-LOGO-2-212x300.png 212w, https:\/\/associationlapangee.org\/wp-content\/uploads\/2024\/05\/AFFICHE-VDP8-HQ-AVEC-LOGO-2-768x1086.png 768w, https:\/\/associationlapangee.org\/wp-content\/uploads\/2024\/05\/AFFICHE-VDP8-HQ-AVEC-LOGO-2-1086x1536.png 1086w, https:\/\/associationlapangee.org\/wp-content\/uploads\/2024\/05\/AFFICHE-VDP8-HQ-AVEC-LOGO-2-1448x2048.png 1448w\" sizes=\"(max-width: 724px) 100vw, 724px\" \/><figcaption class=\"wp-element-caption\">Affiche VDP#8<\/figcaption><\/figure>\n\n\n\n<figure class=\"wp-block-image size-large\"><img decoding=\"async\" loading=\"lazy\" width=\"724\" height=\"1024\" data-id=\"350\"  src=\"https:\/\/associationlapangee.org\/wp-content\/uploads\/2023\/07\/AFFICHE-VDP7-.png-724x1024.png\" alt=\"\" class=\"wp-image-350\" srcset=\"https:\/\/associationlapangee.org\/wp-content\/uploads\/2023\/07\/AFFICHE-VDP7-.png-724x1024.png 724w, https:\/\/associationlapangee.org\/wp-content\/uploads\/2023\/07\/AFFICHE-VDP7-.png-212x300.png 212w, https:\/\/associationlapangee.org\/wp-content\/uploads\/2023\/07\/AFFICHE-VDP7-.png-768x1086.png 768w, https:\/\/associationlapangee.org\/wp-content\/uploads\/2023\/07\/AFFICHE-VDP7-.png-1086x1536.png 1086w, https:\/\/associationlapangee.org\/wp-content\/uploads\/2023\/07\/AFFICHE-VDP7-.png.png 1448w\" sizes=\"(max-width: 724px) 100vw, 724px\" \/><figcaption class=\"wp-element-caption\">Affiche VDP#7<\/figcaption><\/figure>\n\n\n\n<figure class=\"wp-block-image size-large\"><img decoding=\"async\" loading=\"lazy\" width=\"724\" height=\"1024\" data-id=\"316\"  src=\"https:\/\/associationlapangee.org\/wp-content\/uploads\/2023\/03\/Affiche-VDP6-724x1024.png\" alt=\"\" class=\"wp-image-316\" srcset=\"https:\/\/associationlapangee.org\/wp-content\/uploads\/2023\/03\/Affiche-VDP6-724x1024.png 724w, https:\/\/associationlapangee.org\/wp-content\/uploads\/2023\/03\/Affiche-VDP6-212x300.png 212w, https:\/\/associationlapangee.org\/wp-content\/uploads\/2023\/03\/Affiche-VDP6-768x1086.png 768w, https:\/\/associationlapangee.org\/wp-content\/uploads\/2023\/03\/Affiche-VDP6-1086x1536.png 1086w, https:\/\/associationlapangee.org\/wp-content\/uploads\/2023\/03\/Affiche-VDP6.png 1448w\" sizes=\"(max-width: 724px) 100vw, 724px\" \/><figcaption class=\"wp-element-caption\">Affiche VDP#6<\/figcaption><\/figure>\n\n\n\n<figure class=\"wp-block-image size-large\"><img decoding=\"async\" loading=\"lazy\" width=\"725\" height=\"1024\" data-id=\"296\"  src=\"https:\/\/associationlapangee.org\/wp-content\/uploads\/2022\/11\/Affiche-officiel-VDP5_page-0001-725x1024.jpg\" alt=\"\" class=\"wp-image-296\" srcset=\"https:\/\/associationlapangee.org\/wp-content\/uploads\/2022\/11\/Affiche-officiel-VDP5_page-0001-725x1024.jpg 725w, https:\/\/associationlapangee.org\/wp-content\/uploads\/2022\/11\/Affiche-officiel-VDP5_page-0001-212x300.jpg 212w, https:\/\/associationlapangee.org\/wp-content\/uploads\/2022\/11\/Affiche-officiel-VDP5_page-0001-768x1085.jpg 768w, https:\/\/associationlapangee.org\/wp-content\/uploads\/2022\/11\/Affiche-officiel-VDP5_page-0001-1087x1536.jpg 1087w, https:\/\/associationlapangee.org\/wp-content\/uploads\/2022\/11\/Affiche-officiel-VDP5_page-0001.jpg 1241w\" sizes=\"(max-width: 725px) 100vw, 725px\" \/><figcaption class=\"wp-element-caption\">Affiche VDP#5<\/figcaption><\/figure>\n\n\n\n<figure class=\"wp-block-image size-large\"><img decoding=\"async\" loading=\"lazy\" width=\"724\" height=\"1024\" data-id=\"282\"  src=\"https:\/\/associationlapangee.org\/wp-content\/uploads\/2022\/07\/Affiche-VDP4-724x1024.png\" alt=\"\" class=\"wp-image-282\" srcset=\"https:\/\/associationlapangee.org\/wp-content\/uploads\/2022\/07\/Affiche-VDP4-724x1024.png 724w, https:\/\/associationlapangee.org\/wp-content\/uploads\/2022\/07\/Affiche-VDP4-212x300.png 212w, https:\/\/associationlapangee.org\/wp-content\/uploads\/2022\/07\/Affiche-VDP4-768x1086.png 768w, https:\/\/associationlapangee.org\/wp-content\/uploads\/2022\/07\/Affiche-VDP4-1086x1536.png 1086w, https:\/\/associationlapangee.org\/wp-content\/uploads\/2022\/07\/Affiche-VDP4-1448x2048.png 1448w\" sizes=\"(max-width: 724px) 100vw, 724px\" \/><figcaption class=\"wp-element-caption\">Affiche VDP#4<\/figcaption><\/figure>\n\n\n\n<figure class=\"wp-block-image size-large\"><img decoding=\"async\" loading=\"lazy\" width=\"724\" height=\"1024\" data-id=\"398\"  src=\"https:\/\/associationlapangee.org\/wp-content\/uploads\/2024\/05\/Affiche-VDP3-724x1024.jpg\" alt=\"\" class=\"wp-image-398\" srcset=\"https:\/\/associationlapangee.org\/wp-content\/uploads\/2024\/05\/Affiche-VDP3-724x1024.jpg 724w, https:\/\/associationlapangee.org\/wp-content\/uploads\/2024\/05\/Affiche-VDP3-212x300.jpg 212w, https:\/\/associationlapangee.org\/wp-content\/uploads\/2024\/05\/Affiche-VDP3-768x1086.jpg 768w, https:\/\/associationlapangee.org\/wp-content\/uploads\/2024\/05\/Affiche-VDP3-1086x1536.jpg 1086w, https:\/\/associationlapangee.org\/wp-content\/uploads\/2024\/05\/Affiche-VDP3-1448x2048.jpg 1448w, https:\/\/associationlapangee.org\/wp-content\/uploads\/2024\/05\/Affiche-VDP3-scaled.jpg 1810w\" sizes=\"(max-width: 724px) 100vw, 724px\" \/><figcaption class=\"wp-element-caption\">Affiche VDP#3<\/figcaption><\/figure>\n\n\n\n<figure class=\"wp-block-image size-large\"><img decoding=\"async\" loading=\"lazy\" width=\"724\" height=\"1024\" data-id=\"397\"  src=\"https:\/\/associationlapangee.org\/wp-content\/uploads\/2024\/05\/Affiche-off-LVP2-724x1024.jpg\" alt=\"\" class=\"wp-image-397\" srcset=\"https:\/\/associationlapangee.org\/wp-content\/uploads\/2024\/05\/Affiche-off-LVP2-724x1024.jpg 724w, https:\/\/associationlapangee.org\/wp-content\/uploads\/2024\/05\/Affiche-off-LVP2-212x300.jpg 212w, https:\/\/associationlapangee.org\/wp-content\/uploads\/2024\/05\/Affiche-off-LVP2-768x1086.jpg 768w, https:\/\/associationlapangee.org\/wp-content\/uploads\/2024\/05\/Affiche-off-LVP2-1086x1536.jpg 1086w, https:\/\/associationlapangee.org\/wp-content\/uploads\/2024\/05\/Affiche-off-LVP2-1448x2048.jpg 1448w, https:\/\/associationlapangee.org\/wp-content\/uploads\/2024\/05\/Affiche-off-LVP2-scaled.jpg 1810w\" sizes=\"(max-width: 724px) 100vw, 724px\" \/><figcaption class=\"wp-element-caption\">Affiche VDP#2<\/figcaption><\/figure>\n\n\n\n<figure class=\"wp-block-image size-large\"><img decoding=\"async\" loading=\"lazy\" width=\"724\" height=\"1024\" data-id=\"396\"  src=\"https:\/\/associationlapangee.org\/wp-content\/uploads\/2024\/05\/Affiche-LVDP-724x1024.png\" alt=\"\" class=\"wp-image-396\" srcset=\"https:\/\/associationlapangee.org\/wp-content\/uploads\/2024\/05\/Affiche-LVDP-724x1024.png 724w, https:\/\/associationlapangee.org\/wp-content\/uploads\/2024\/05\/Affiche-LVDP-212x300.png 212w, https:\/\/associationlapangee.org\/wp-content\/uploads\/2024\/05\/Affiche-LVDP-768x1087.png 768w, https:\/\/associationlapangee.org\/wp-content\/uploads\/2024\/05\/Affiche-LVDP-1086x1536.png 1086w, https:\/\/associationlapangee.org\/wp-content\/uploads\/2024\/05\/Affiche-LVDP-1448x2048.png 1448w\" sizes=\"(max-width: 724px) 100vw, 724px\" \/><figcaption class=\"wp-element-caption\">Affiche VDP#1<\/figcaption><\/figure>\n<\/figure>\n\n\n\n<p><\/p>\n\n\n\n<hr class=\"wp-block-separator has-alpha-channel-opacity\"\/>\n\n\n\n<div class=\"wp-block-columns is-layout-flex wp-container-9\">\n<div class=\"wp-block-column is-layout-flow\" style=\"flex-basis:50%\">\n<ul class=\"wp-block-social-links is-content-justification-left is-layout-flex wp-container-4\"><li class=\"wp-social-link wp-social-link-facebook wp-block-social-link\"><a href=\"https:\/\/www.facebook.com\/lapangee.asso\" class=\"wp-block-social-link-anchor\"><svg width=\"24\" height=\"24\" viewBox=\"0 0 24 24\" version=\"1.1\" xmlns=\"http:\/\/www.w3.org\/2000\/svg\" aria-hidden=\"true\" focusable=\"false\"><path d=\"M12 2C6.5 2 2 6.5 2 12c0 5 3.7 9.1 8.4 9.9v-7H7.9V12h2.5V9.8c0-2.5 1.5-3.9 3.8-3.9 1.1 0 2.2.2 2.2.2v2.5h-1.3c-1.2 0-1.6.8-1.6 1.6V12h2.8l-.4 2.9h-2.3v7C18.3 21.1 22 17 22 12c0-5.5-4.5-10-10-10z\"><\/path><\/svg><span class=\"wp-block-social-link-label screen-reader-text\">Facebook<\/span><\/a><\/li>\n\n<li class=\"wp-social-link wp-social-link-instagram wp-block-social-link\"><a href=\"https:\/\/www.instagram.com\/lapangee.asso\" class=\"wp-block-social-link-anchor\"><svg width=\"24\" height=\"24\" viewBox=\"0 0 24 24\" version=\"1.1\" xmlns=\"http:\/\/www.w3.org\/2000\/svg\" aria-hidden=\"true\" focusable=\"false\"><path d=\"M12,4.622c2.403,0,2.688,0.009,3.637,0.052c0.877,0.04,1.354,0.187,1.671,0.31c0.42,0.163,0.72,0.358,1.035,0.673 c0.315,0.315,0.51,0.615,0.673,1.035c0.123,0.317,0.27,0.794,0.31,1.671c0.043,0.949,0.052,1.234,0.052,3.637 s-0.009,2.688-0.052,3.637c-0.04,0.877-0.187,1.354-0.31,1.671c-0.163,0.42-0.358,0.72-0.673,1.035 c-0.315,0.315-0.615,0.51-1.035,0.673c-0.317,0.123-0.794,0.27-1.671,0.31c-0.949,0.043-1.233,0.052-3.637,0.052 s-2.688-0.009-3.637-0.052c-0.877-0.04-1.354-0.187-1.671-0.31c-0.42-0.163-0.72-0.358-1.035-0.673 c-0.315-0.315-0.51-0.615-0.673-1.035c-0.123-0.317-0.27-0.794-0.31-1.671C4.631,14.688,4.622,14.403,4.622,12 s0.009-2.688,0.052-3.637c0.04-0.877,0.187-1.354,0.31-1.671c0.163-0.42,0.358-0.72,0.673-1.035 c0.315-0.315,0.615-0.51,1.035-0.673c0.317-0.123,0.794-0.27,1.671-0.31C9.312,4.631,9.597,4.622,12,4.622 M12,3 C9.556,3,9.249,3.01,8.289,3.054C7.331,3.098,6.677,3.25,6.105,3.472C5.513,3.702,5.011,4.01,4.511,4.511 c-0.5,0.5-0.808,1.002-1.038,1.594C3.25,6.677,3.098,7.331,3.054,8.289C3.01,9.249,3,9.556,3,12c0,2.444,0.01,2.751,0.054,3.711 c0.044,0.958,0.196,1.612,0.418,2.185c0.23,0.592,0.538,1.094,1.038,1.594c0.5,0.5,1.002,0.808,1.594,1.038 c0.572,0.222,1.227,0.375,2.185,0.418C9.249,20.99,9.556,21,12,21s2.751-0.01,3.711-0.054c0.958-0.044,1.612-0.196,2.185-0.418 c0.592-0.23,1.094-0.538,1.594-1.038c0.5-0.5,0.808-1.002,1.038-1.594c0.222-0.572,0.375-1.227,0.418-2.185 C20.99,14.751,21,14.444,21,12s-0.01-2.751-0.054-3.711c-0.044-0.958-0.196-1.612-0.418-2.185c-0.23-0.592-0.538-1.094-1.038-1.594 c-0.5-0.5-1.002-0.808-1.594-1.038c-0.572-0.222-1.227-0.375-2.185-0.418C14.751,3.01,14.444,3,12,3L12,3z M12,7.378 c-2.552,0-4.622,2.069-4.622,4.622S9.448,16.622,12,16.622s4.622-2.069,4.622-4.622S14.552,7.378,12,7.378z M12,15 c-1.657,0-3-1.343-3-3s1.343-3,3-3s3,1.343,3,3S13.657,15,12,15z M16.804,6.116c-0.596,0-1.08,0.484-1.08,1.08 s0.484,1.08,1.08,1.08c0.596,0,1.08-0.484,1.08-1.08S17.401,6.116,16.804,6.116z\"><\/path><\/svg><span class=\"wp-block-social-link-label screen-reader-text\">Instagram<\/span><\/a><\/li>\n\n<li class=\"wp-social-link wp-social-link-tiktok wp-block-social-link\"><a href=\"https:\/\/www.tiktok.com\/@lapangee.asso\" class=\"wp-block-social-link-anchor\"><svg width=\"24\" height=\"24\" viewBox=\"0 0 32 32\" version=\"1.1\" xmlns=\"http:\/\/www.w3.org\/2000\/svg\" aria-hidden=\"true\" focusable=\"false\"><path d=\"M16.708 0.027c1.745-0.027 3.48-0.011 5.213-0.027 0.105 2.041 0.839 4.12 2.333 5.563 1.491 1.479 3.6 2.156 5.652 2.385v5.369c-1.923-0.063-3.855-0.463-5.6-1.291-0.76-0.344-1.468-0.787-2.161-1.24-0.009 3.896 0.016 7.787-0.025 11.667-0.104 1.864-0.719 3.719-1.803 5.255-1.744 2.557-4.771 4.224-7.88 4.276-1.907 0.109-3.812-0.411-5.437-1.369-2.693-1.588-4.588-4.495-4.864-7.615-0.032-0.667-0.043-1.333-0.016-1.984 0.24-2.537 1.495-4.964 3.443-6.615 2.208-1.923 5.301-2.839 8.197-2.297 0.027 1.975-0.052 3.948-0.052 5.923-1.323-0.428-2.869-0.308-4.025 0.495-0.844 0.547-1.485 1.385-1.819 2.333-0.276 0.676-0.197 1.427-0.181 2.145 0.317 2.188 2.421 4.027 4.667 3.828 1.489-0.016 2.916-0.88 3.692-2.145 0.251-0.443 0.532-0.896 0.547-1.417 0.131-2.385 0.079-4.76 0.095-7.145 0.011-5.375-0.016-10.735 0.025-16.093z\" \/><\/svg><span class=\"wp-block-social-link-label screen-reader-text\">TikTok<\/span><\/a><\/li>\n\n<li class=\"wp-social-link wp-social-link-spotify wp-block-social-link\"><a href=\"https:\/\/open.spotify.com\/user\/31fejp2dscoqx3232ek23pcz23ku?si=ad9d381c29f1459d\" class=\"wp-block-social-link-anchor\"><svg width=\"24\" height=\"24\" viewBox=\"0 0 24 24\" version=\"1.1\" xmlns=\"http:\/\/www.w3.org\/2000\/svg\" aria-hidden=\"true\" focusable=\"false\"><path d=\"M12,2C6.477,2,2,6.477,2,12c0,5.523,4.477,10,10,10c5.523,0,10-4.477,10-10C22,6.477,17.523,2,12,2 M16.586,16.424 c-0.18,0.295-0.563,0.387-0.857,0.207c-2.348-1.435-5.304-1.76-8.785-0.964c-0.335,0.077-0.67-0.133-0.746-0.469 c-0.077-0.335,0.132-0.67,0.469-0.746c3.809-0.871,7.077-0.496,9.713,1.115C16.673,15.746,16.766,16.13,16.586,16.424 M17.81,13.7 c-0.226,0.367-0.706,0.482-1.072,0.257c-2.687-1.652-6.785-2.131-9.965-1.166C6.36,12.917,5.925,12.684,5.8,12.273 C5.675,11.86,5.908,11.425,6.32,11.3c3.632-1.102,8.147-0.568,11.234,1.328C17.92,12.854,18.035,13.335,17.81,13.7 M17.915,10.865 c-3.223-1.914-8.54-2.09-11.618-1.156C5.804,9.859,5.281,9.58,5.131,9.086C4.982,8.591,5.26,8.069,5.755,7.919 c3.532-1.072,9.404-0.865,13.115,1.338c0.445,0.264,0.59,0.838,0.327,1.282C18.933,10.983,18.359,11.129,17.915,10.865\"><\/path><\/svg><span class=\"wp-block-social-link-label screen-reader-text\">Spotify<\/span><\/a><\/li>\n\n<li class=\"wp-social-link wp-social-link-mail wp-block-social-link\"><a href=\"mailto:lapangee.asso@gmail.com\" class=\"wp-block-social-link-anchor\"><svg width=\"24\" height=\"24\" viewBox=\"0 0 24 24\" version=\"1.1\" xmlns=\"http:\/\/www.w3.org\/2000\/svg\" aria-hidden=\"true\" focusable=\"false\"><path d=\"M20,4H4C2.895,4,2,4.895,2,6v12c0,1.105,0.895,2,2,2h16c1.105,0,2-0.895,2-2V6C22,4.895,21.105,4,20,4z M20,8.236l-8,4.882 L4,8.236V6h16V8.236z\"><\/path><\/svg><span class=\"wp-block-social-link-label screen-reader-text\">Mail<\/span><\/a><\/li><\/ul>\n<\/div>\n\n\n\n<div class=\"wp-block-column is-layout-flow\" style=\"flex-basis:45%\">\n<div class=\"wp-block-buttons is-horizontal is-content-justification-right is-layout-flex wp-container-6\">\n<div class=\"wp-block-button\"><a class=\"wp-block-button__link wp-element-button\" href=\"https:\/\/www.helloasso.com\/associations\/collectif-la-pangee\/adhesions\/adhesion-a-la-pangee\" target=\"_blank\" rel=\"noreferrer noopener\">ENVIE DE NOUS SOUTENIR ?<\/a><\/div>\n<\/div>\n\n\n\n<div class=\"wp-block-group is-layout-constrained\"><div class=\"wp-block-group__inner-container\"><\/div><\/div>\n<\/div>\n<\/div>\n\n\n\n<p><\/p>\n","protected":false},"excerpt":{"rendered":"<p>Un espace de rencontres et de c\u00e9l\u00e9bration La Voie des Peuples est bien plus qu\u2019un festival : c\u2019est une invitation \u00e0 la d\u00e9couverte, \u00e0 la rencontre et au partage. Coordonn\u00e9 par la Pang\u00e9e, cet \u00e9v\u00e9nement met \u00e0 l\u2019honneur, chaque ann\u00e9e, un peuple ou un ensemble de cultures pr\u00e9sentes sur le territoire de la Nouvelle-Aquitaine. \u00c0 [&hellip;]<\/p>\n","protected":false},"author":1,"featured_media":0,"parent":836,"menu_order":1,"comment_status":"closed","ping_status":"closed","template":"","meta":[],"_links":{"self":[{"href":"https:\/\/associationlapangee.org\/index.php\/wp-json\/wp\/v2\/pages\/387"}],"collection":[{"href":"https:\/\/associationlapangee.org\/index.php\/wp-json\/wp\/v2\/pages"}],"about":[{"href":"https:\/\/associationlapangee.org\/index.php\/wp-json\/wp\/v2\/types\/page"}],"author":[{"embeddable":true,"href":"https:\/\/associationlapangee.org\/index.php\/wp-json\/wp\/v2\/users\/1"}],"replies":[{"embeddable":true,"href":"https:\/\/associationlapangee.org\/index.php\/wp-json\/wp\/v2\/comments?post=387"}],"version-history":[{"count":12,"href":"https:\/\/associationlapangee.org\/index.php\/wp-json\/wp\/v2\/pages\/387\/revisions"}],"predecessor-version":[{"id":897,"href":"https:\/\/associationlapangee.org\/index.php\/wp-json\/wp\/v2\/pages\/387\/revisions\/897"}],"up":[{"embeddable":true,"href":"https:\/\/associationlapangee.org\/index.php\/wp-json\/wp\/v2\/pages\/836"}],"wp:attachment":[{"href":"https:\/\/associationlapangee.org\/index.php\/wp-json\/wp\/v2\/media?parent=387"}],"curies":[{"name":"wp","href":"https:\/\/api.w.org\/{rel}","templated":true}]}}