{"id":11,"date":"2022-05-06T10:08:25","date_gmt":"2022-05-06T08:08:25","guid":{"rendered":"https:\/\/associationlapangee.org\/?page_id=11"},"modified":"2026-01-27T10:44:38","modified_gmt":"2026-01-27T09:44:38","slug":"lequipe","status":"publish","type":"page","link":"https:\/\/associationlapangee.org\/index.php\/lequipe\/","title":{"rendered":"La Tribu"},"content":{"rendered":"\n<figure class=\"wp-block-image size-large\"><img decoding=\"async\" loading=\"lazy\" width=\"1024\" height=\"768\" src=\"https:\/\/associationlapangee.org\/wp-content\/uploads\/2025\/04\/481280249_645574781503242_4664849748666353371_n-1024x768.jpg\" alt=\"\" class=\"wp-image-661\" srcset=\"https:\/\/associationlapangee.org\/wp-content\/uploads\/2025\/04\/481280249_645574781503242_4664849748666353371_n-1024x768.jpg 1024w, https:\/\/associationlapangee.org\/wp-content\/uploads\/2025\/04\/481280249_645574781503242_4664849748666353371_n-300x225.jpg 300w, https:\/\/associationlapangee.org\/wp-content\/uploads\/2025\/04\/481280249_645574781503242_4664849748666353371_n-768x576.jpg 768w, https:\/\/associationlapangee.org\/wp-content\/uploads\/2025\/04\/481280249_645574781503242_4664849748666353371_n-1536x1152.jpg 1536w, https:\/\/associationlapangee.org\/wp-content\/uploads\/2025\/04\/481280249_645574781503242_4664849748666353371_n.jpg 2048w\" sizes=\"(max-width: 1024px) 100vw, 1024px\" \/><\/figure>\n\n\n\n<div style=\"height:25px\" aria-hidden=\"true\" class=\"wp-block-spacer\"><\/div>\n\n\n\n<div class=\"wp-block-columns is-layout-flex wp-container-5\">\n<div class=\"wp-block-column is-layout-flow\">\n<figure class=\"wp-block-image size-full is-style-rounded\"><img decoding=\"async\" loading=\"lazy\" width=\"1024\" height=\"1024\" src=\"https:\/\/associationlapangee.org\/wp-content\/uploads\/2026\/01\/IMG_20260105_095719_766-1-carre-2-fotor-enhance-20260105112243.jpg\" alt=\"\" class=\"wp-image-885\" srcset=\"https:\/\/associationlapangee.org\/wp-content\/uploads\/2026\/01\/IMG_20260105_095719_766-1-carre-2-fotor-enhance-20260105112243.jpg 1024w, https:\/\/associationlapangee.org\/wp-content\/uploads\/2026\/01\/IMG_20260105_095719_766-1-carre-2-fotor-enhance-20260105112243-300x300.jpg 300w, https:\/\/associationlapangee.org\/wp-content\/uploads\/2026\/01\/IMG_20260105_095719_766-1-carre-2-fotor-enhance-20260105112243-150x150.jpg 150w, https:\/\/associationlapangee.org\/wp-content\/uploads\/2026\/01\/IMG_20260105_095719_766-1-carre-2-fotor-enhance-20260105112243-768x768.jpg 768w\" sizes=\"(max-width: 1024px) 100vw, 1024px\" \/><figcaption class=\"wp-element-caption\"><strong>Marina<\/strong>, fid\u00e8le travailleuse du secteur associatif et engag\u00e9e dans les luttes contre les discriminations. Passionn\u00e9e par les langues, elle a aussi cumul\u00e9 des exp\u00e9riences \u00e0 l&rsquo;\u00e9tranger. Coordinatrice de l&rsquo;association, elle assure la gestion administrative, la production des \u00e9v\u00e8nements ainsi que des t\u00e2ches d&rsquo;animation et de cr\u00e9ation de partenariats. <\/figcaption><\/figure>\n<\/div>\n\n\n\n<div class=\"wp-block-column is-layout-flow\">\n<figure class=\"wp-block-image size-full is-style-rounded\"><img decoding=\"async\" loading=\"lazy\" width=\"958\" height=\"960\" src=\"https:\/\/associationlapangee.org\/wp-content\/uploads\/2022\/05\/Bernie.jpg\" alt=\"\" class=\"wp-image-181\" srcset=\"https:\/\/associationlapangee.org\/wp-content\/uploads\/2022\/05\/Bernie.jpg 958w, https:\/\/associationlapangee.org\/wp-content\/uploads\/2022\/05\/Bernie-300x300.jpg 300w, https:\/\/associationlapangee.org\/wp-content\/uploads\/2022\/05\/Bernie-150x150.jpg 150w, https:\/\/associationlapangee.org\/wp-content\/uploads\/2022\/05\/Bernie-768x770.jpg 768w\" sizes=\"(max-width: 958px) 100vw, 958px\" \/><figcaption class=\"wp-element-caption\"><strong><strong>Bernie<\/strong>, <\/strong>co-fondatrice du collectif Bienvenue, une organisation qui se mobilise pour changer le regard de la soci\u00e9t\u00e9 sur les r\u00e9fugi\u00e9s et am\u00e9liorer leurs conditions. Elle participe \u00e0 cr\u00e9er des liens durables entre les communaut\u00e9s, notamment dans les diff\u00e9rents squats de la M\u00e9tropole. Elle est pr\u00e9sidente de l&rsquo;association et facilitatrice de paix.<\/figcaption><\/figure>\n<\/div>\n\n\n\n<div class=\"wp-block-column is-layout-flow\">\n<figure class=\"wp-block-image size-large is-style-rounded\"><img decoding=\"async\" loading=\"lazy\" width=\"1024\" height=\"1004\" src=\"https:\/\/associationlapangee.org\/wp-content\/uploads\/2025\/04\/photo-site-1024x1004.jpg\" alt=\"\" class=\"wp-image-659\" srcset=\"https:\/\/associationlapangee.org\/wp-content\/uploads\/2025\/04\/photo-site-1024x1004.jpg 1024w, https:\/\/associationlapangee.org\/wp-content\/uploads\/2025\/04\/photo-site-300x294.jpg 300w, https:\/\/associationlapangee.org\/wp-content\/uploads\/2025\/04\/photo-site-768x753.jpg 768w, https:\/\/associationlapangee.org\/wp-content\/uploads\/2025\/04\/photo-site-1536x1506.jpg 1536w, https:\/\/associationlapangee.org\/wp-content\/uploads\/2025\/04\/photo-site.jpg 1744w\" sizes=\"(max-width: 1024px) 100vw, 1024px\" \/><figcaption class=\"wp-element-caption\"><strong>M\u00e9d\u00e9ric<\/strong>, ing\u00e9nieur de projet culturel, musicien, et infatigable d\u00e9fenseur des droits humains. Il a travaill\u00e9 pour Amnesty International, Darwin \u00e9cosyst\u00e8me, au Golden Gate (Berlin), au FIFIB et au caf\u00e9 associatif le Petit Grain. V\u00e9ritable couteau-suisse, il intervient en tant qu&rsquo;artiste et en tant que charg\u00e9 de production.<\/figcaption><\/figure>\n<\/div>\n\n\n\n<div class=\"wp-block-column is-layout-flow\">\n<figure class=\"wp-block-image size-large is-style-rounded\"><img decoding=\"async\" loading=\"lazy\" width=\"1024\" height=\"1024\" src=\"https:\/\/associationlapangee.org\/wp-content\/uploads\/2022\/05\/Francois-min-1024x1024.jpg\" alt=\"\" class=\"wp-image-136\" srcset=\"https:\/\/associationlapangee.org\/wp-content\/uploads\/2022\/05\/Francois-min-1024x1024.jpg 1024w, https:\/\/associationlapangee.org\/wp-content\/uploads\/2022\/05\/Francois-min-300x300.jpg 300w, https:\/\/associationlapangee.org\/wp-content\/uploads\/2022\/05\/Francois-min-150x150.jpg 150w, https:\/\/associationlapangee.org\/wp-content\/uploads\/2022\/05\/Francois-min-768x768.jpg 768w, https:\/\/associationlapangee.org\/wp-content\/uploads\/2022\/05\/Francois-min-1536x1536.jpg 1536w, https:\/\/associationlapangee.org\/wp-content\/uploads\/2022\/05\/Francois-min-2048x2048.jpg 2048w\" sizes=\"(max-width: 1024px) 100vw, 1024px\" \/><figcaption class=\"wp-element-caption\"><strong>Fran\u00e7ois<\/strong>, com\u00e9dien et artiste engag\u00e9, il est titulaire d&rsquo;un master en gestion de projet culturel. Arpentant les organisations culturelles entre Paris et Bordeaux, il \u0153uvre \u00e0 rendre les pratiques plus collectives et partag\u00e9es, notamment \u00e0 Arc-en-R\u00eave et au Carreau du temple. Il intervient en tant que renfort afin de soutenir les activit\u00e9s de la Pang\u00e9e.<\/figcaption><\/figure>\n<\/div>\n<\/div>\n\n\n\n<p>Le Conseil d&rsquo;administration de la Pang\u00e9e est paritaire, il est compos\u00e9 de 5 membres allant de 27 \u00e0 70 ans : Bernie Calatayud (pr\u00e9sidente), Fran\u00e7oise Dou\u00e9 (tr\u00e9sori\u00e8re), Caroline Cal\u00e8s, Cl\u00e9ment Autefort et Charl\u00e8ne Drouet (administrateur\u00b7ice).<\/p>\n\n\n\n<div class=\"wp-block-columns are-vertically-aligned-center is-layout-flex wp-container-8\">\n<div class=\"wp-block-column is-vertically-aligned-center is-layout-flow\">\n<p>Ce Conseil d&rsquo;Administration forme le noyau de l&rsquo;association, mais ce sont plus de 60 personnes, en grande partie b\u00e9n\u00e9voles, qui forment la Tribu de la Pang\u00e9e : Xavi, Dan, J\u00e9r\u00e9mie, Junior, Jakub, Kenza, Margaux, Koumba, Thibault, Pierre, Jos\u00e9, Marie-Lucille, Osvaldo, Khedidja&#8230; Tout le monde est bienvenu alors si vous avez envie de prendre part \u00e0 ce projet, contactez nous !<\/p>\n<\/div>\n\n\n\n<div class=\"wp-block-column is-vertically-aligned-center is-layout-flow\">\n<figure class=\"wp-block-image size-large is-resized\"><img decoding=\"async\" loading=\"lazy\" src=\"https:\/\/associationlapangee.org\/wp-content\/uploads\/2022\/05\/LOGO-EPAIS-1024x1019.jpg\" alt=\"\" class=\"wp-image-71\" width=\"283\" height=\"282\" srcset=\"https:\/\/associationlapangee.org\/wp-content\/uploads\/2022\/05\/LOGO-EPAIS-1024x1019.jpg 1024w, https:\/\/associationlapangee.org\/wp-content\/uploads\/2022\/05\/LOGO-EPAIS-300x300.jpg 300w, https:\/\/associationlapangee.org\/wp-content\/uploads\/2022\/05\/LOGO-EPAIS-150x150.jpg 150w, https:\/\/associationlapangee.org\/wp-content\/uploads\/2022\/05\/LOGO-EPAIS-768x764.jpg 768w, https:\/\/associationlapangee.org\/wp-content\/uploads\/2022\/05\/LOGO-EPAIS.jpg 1200w\" sizes=\"(max-width: 283px) 100vw, 283px\" \/><\/figure>\n<\/div>\n<\/div>\n\n\n\n<hr class=\"wp-block-separator has-css-opacity\"\/>\n\n\n\n<div class=\"wp-block-columns is-layout-flex wp-container-13\">\n<div class=\"wp-block-column is-layout-flow\">\n<ul class=\"wp-block-social-links is-content-justification-center is-layout-flex wp-container-9\"><li class=\"wp-social-link wp-social-link-facebook wp-block-social-link\"><a href=\"https:\/\/www.facebook.com\/lapangee.asso\" class=\"wp-block-social-link-anchor\"><svg width=\"24\" height=\"24\" viewBox=\"0 0 24 24\" version=\"1.1\" xmlns=\"http:\/\/www.w3.org\/2000\/svg\" aria-hidden=\"true\" focusable=\"false\"><path d=\"M12 2C6.5 2 2 6.5 2 12c0 5 3.7 9.1 8.4 9.9v-7H7.9V12h2.5V9.8c0-2.5 1.5-3.9 3.8-3.9 1.1 0 2.2.2 2.2.2v2.5h-1.3c-1.2 0-1.6.8-1.6 1.6V12h2.8l-.4 2.9h-2.3v7C18.3 21.1 22 17 22 12c0-5.5-4.5-10-10-10z\"><\/path><\/svg><span class=\"wp-block-social-link-label screen-reader-text\">Facebook<\/span><\/a><\/li>\n\n<li class=\"wp-social-link wp-social-link-instagram wp-block-social-link\"><a href=\"https:\/\/www.instagram.com\/lapangee.asso\" class=\"wp-block-social-link-anchor\"><svg width=\"24\" height=\"24\" viewBox=\"0 0 24 24\" version=\"1.1\" xmlns=\"http:\/\/www.w3.org\/2000\/svg\" aria-hidden=\"true\" focusable=\"false\"><path d=\"M12,4.622c2.403,0,2.688,0.009,3.637,0.052c0.877,0.04,1.354,0.187,1.671,0.31c0.42,0.163,0.72,0.358,1.035,0.673 c0.315,0.315,0.51,0.615,0.673,1.035c0.123,0.317,0.27,0.794,0.31,1.671c0.043,0.949,0.052,1.234,0.052,3.637 s-0.009,2.688-0.052,3.637c-0.04,0.877-0.187,1.354-0.31,1.671c-0.163,0.42-0.358,0.72-0.673,1.035 c-0.315,0.315-0.615,0.51-1.035,0.673c-0.317,0.123-0.794,0.27-1.671,0.31c-0.949,0.043-1.233,0.052-3.637,0.052 s-2.688-0.009-3.637-0.052c-0.877-0.04-1.354-0.187-1.671-0.31c-0.42-0.163-0.72-0.358-1.035-0.673 c-0.315-0.315-0.51-0.615-0.673-1.035c-0.123-0.317-0.27-0.794-0.31-1.671C4.631,14.688,4.622,14.403,4.622,12 s0.009-2.688,0.052-3.637c0.04-0.877,0.187-1.354,0.31-1.671c0.163-0.42,0.358-0.72,0.673-1.035 c0.315-0.315,0.615-0.51,1.035-0.673c0.317-0.123,0.794-0.27,1.671-0.31C9.312,4.631,9.597,4.622,12,4.622 M12,3 C9.556,3,9.249,3.01,8.289,3.054C7.331,3.098,6.677,3.25,6.105,3.472C5.513,3.702,5.011,4.01,4.511,4.511 c-0.5,0.5-0.808,1.002-1.038,1.594C3.25,6.677,3.098,7.331,3.054,8.289C3.01,9.249,3,9.556,3,12c0,2.444,0.01,2.751,0.054,3.711 c0.044,0.958,0.196,1.612,0.418,2.185c0.23,0.592,0.538,1.094,1.038,1.594c0.5,0.5,1.002,0.808,1.594,1.038 c0.572,0.222,1.227,0.375,2.185,0.418C9.249,20.99,9.556,21,12,21s2.751-0.01,3.711-0.054c0.958-0.044,1.612-0.196,2.185-0.418 c0.592-0.23,1.094-0.538,1.594-1.038c0.5-0.5,0.808-1.002,1.038-1.594c0.222-0.572,0.375-1.227,0.418-2.185 C20.99,14.751,21,14.444,21,12s-0.01-2.751-0.054-3.711c-0.044-0.958-0.196-1.612-0.418-2.185c-0.23-0.592-0.538-1.094-1.038-1.594 c-0.5-0.5-1.002-0.808-1.594-1.038c-0.572-0.222-1.227-0.375-2.185-0.418C14.751,3.01,14.444,3,12,3L12,3z M12,7.378 c-2.552,0-4.622,2.069-4.622,4.622S9.448,16.622,12,16.622s4.622-2.069,4.622-4.622S14.552,7.378,12,7.378z M12,15 c-1.657,0-3-1.343-3-3s1.343-3,3-3s3,1.343,3,3S13.657,15,12,15z M16.804,6.116c-0.596,0-1.08,0.484-1.08,1.08 s0.484,1.08,1.08,1.08c0.596,0,1.08-0.484,1.08-1.08S17.401,6.116,16.804,6.116z\"><\/path><\/svg><span class=\"wp-block-social-link-label screen-reader-text\">Instagram<\/span><\/a><\/li>\n\n<li class=\"wp-social-link wp-social-link-tiktok wp-block-social-link\"><a href=\"https:\/\/www.tiktok.com\/@lapangee.asso\" class=\"wp-block-social-link-anchor\"><svg width=\"24\" height=\"24\" viewBox=\"0 0 32 32\" version=\"1.1\" xmlns=\"http:\/\/www.w3.org\/2000\/svg\" aria-hidden=\"true\" focusable=\"false\"><path d=\"M16.708 0.027c1.745-0.027 3.48-0.011 5.213-0.027 0.105 2.041 0.839 4.12 2.333 5.563 1.491 1.479 3.6 2.156 5.652 2.385v5.369c-1.923-0.063-3.855-0.463-5.6-1.291-0.76-0.344-1.468-0.787-2.161-1.24-0.009 3.896 0.016 7.787-0.025 11.667-0.104 1.864-0.719 3.719-1.803 5.255-1.744 2.557-4.771 4.224-7.88 4.276-1.907 0.109-3.812-0.411-5.437-1.369-2.693-1.588-4.588-4.495-4.864-7.615-0.032-0.667-0.043-1.333-0.016-1.984 0.24-2.537 1.495-4.964 3.443-6.615 2.208-1.923 5.301-2.839 8.197-2.297 0.027 1.975-0.052 3.948-0.052 5.923-1.323-0.428-2.869-0.308-4.025 0.495-0.844 0.547-1.485 1.385-1.819 2.333-0.276 0.676-0.197 1.427-0.181 2.145 0.317 2.188 2.421 4.027 4.667 3.828 1.489-0.016 2.916-0.88 3.692-2.145 0.251-0.443 0.532-0.896 0.547-1.417 0.131-2.385 0.079-4.76 0.095-7.145 0.011-5.375-0.016-10.735 0.025-16.093z\" \/><\/svg><span class=\"wp-block-social-link-label screen-reader-text\">TikTok<\/span><\/a><\/li>\n\n<li class=\"wp-social-link wp-social-link-spotify wp-block-social-link\"><a href=\"https:\/\/open.spotify.com\/user\/31fejp2dscoqx3232ek23pcz23ku?si=676b9f5a151f4960\" class=\"wp-block-social-link-anchor\"><svg width=\"24\" height=\"24\" viewBox=\"0 0 24 24\" version=\"1.1\" xmlns=\"http:\/\/www.w3.org\/2000\/svg\" aria-hidden=\"true\" focusable=\"false\"><path d=\"M12,2C6.477,2,2,6.477,2,12c0,5.523,4.477,10,10,10c5.523,0,10-4.477,10-10C22,6.477,17.523,2,12,2 M16.586,16.424 c-0.18,0.295-0.563,0.387-0.857,0.207c-2.348-1.435-5.304-1.76-8.785-0.964c-0.335,0.077-0.67-0.133-0.746-0.469 c-0.077-0.335,0.132-0.67,0.469-0.746c3.809-0.871,7.077-0.496,9.713,1.115C16.673,15.746,16.766,16.13,16.586,16.424 M17.81,13.7 c-0.226,0.367-0.706,0.482-1.072,0.257c-2.687-1.652-6.785-2.131-9.965-1.166C6.36,12.917,5.925,12.684,5.8,12.273 C5.675,11.86,5.908,11.425,6.32,11.3c3.632-1.102,8.147-0.568,11.234,1.328C17.92,12.854,18.035,13.335,17.81,13.7 M17.915,10.865 c-3.223-1.914-8.54-2.09-11.618-1.156C5.804,9.859,5.281,9.58,5.131,9.086C4.982,8.591,5.26,8.069,5.755,7.919 c3.532-1.072,9.404-0.865,13.115,1.338c0.445,0.264,0.59,0.838,0.327,1.282C18.933,10.983,18.359,11.129,17.915,10.865\"><\/path><\/svg><span class=\"wp-block-social-link-label screen-reader-text\">Spotify<\/span><\/a><\/li>\n\n<li class=\"wp-social-link wp-social-link-mail wp-block-social-link\"><a href=\"mailto:lapangee.asso@gmail.com\" class=\"wp-block-social-link-anchor\"><svg width=\"24\" height=\"24\" viewBox=\"0 0 24 24\" version=\"1.1\" xmlns=\"http:\/\/www.w3.org\/2000\/svg\" aria-hidden=\"true\" focusable=\"false\"><path d=\"M20,4H4C2.895,4,2,4.895,2,6v12c0,1.105,0.895,2,2,2h16c1.105,0,2-0.895,2-2V6C22,4.895,21.105,4,20,4z M20,8.236l-8,4.882 L4,8.236V6h16V8.236z\"><\/path><\/svg><span class=\"wp-block-social-link-label screen-reader-text\">Mail<\/span><\/a><\/li><\/ul>\n<\/div>\n\n\n\n<div class=\"wp-block-column is-layout-flow\">\n<div class=\"wp-block-buttons is-content-justification-center is-layout-flex wp-container-11\">\n<div class=\"wp-block-button\"><a class=\"wp-block-button__link wp-element-button\" href=\"https:\/\/www.helloasso.com\/associations\/collectif-la-pangee\/adhesions\/adhesion-a-la-pangee\" target=\"_blank\" rel=\"noreferrer noopener\">ENVIE DE NOUS SOUTENIR ?<\/a><\/div>\n<\/div>\n<\/div>\n<\/div>\n\n\n\n<p><\/p>\n\n\n\n<div style=\"height:100px\" aria-hidden=\"true\" class=\"wp-block-spacer\"><\/div>\n","protected":false},"excerpt":{"rendered":"<p>Le Conseil d&rsquo;administration de la Pang\u00e9e est paritaire, il est compos\u00e9 de 5 membres allant de 27 \u00e0 70 ans : Bernie Calatayud (pr\u00e9sidente), Fran\u00e7oise Dou\u00e9 (tr\u00e9sori\u00e8re), Caroline Cal\u00e8s, Cl\u00e9ment Autefort et Charl\u00e8ne Drouet (administrateur\u00b7ice). Ce Conseil d&rsquo;Administration forme le noyau de l&rsquo;association, mais ce sont plus de 60 personnes, en grande partie b\u00e9n\u00e9voles, qui [&hellip;]<\/p>\n","protected":false},"author":1,"featured_media":0,"parent":0,"menu_order":0,"comment_status":"closed","ping_status":"closed","template":"","meta":[],"_links":{"self":[{"href":"https:\/\/associationlapangee.org\/index.php\/wp-json\/wp\/v2\/pages\/11"}],"collection":[{"href":"https:\/\/associationlapangee.org\/index.php\/wp-json\/wp\/v2\/pages"}],"about":[{"href":"https:\/\/associationlapangee.org\/index.php\/wp-json\/wp\/v2\/types\/page"}],"author":[{"embeddable":true,"href":"https:\/\/associationlapangee.org\/index.php\/wp-json\/wp\/v2\/users\/1"}],"replies":[{"embeddable":true,"href":"https:\/\/associationlapangee.org\/index.php\/wp-json\/wp\/v2\/comments?post=11"}],"version-history":[{"count":29,"href":"https:\/\/associationlapangee.org\/index.php\/wp-json\/wp\/v2\/pages\/11\/revisions"}],"predecessor-version":[{"id":907,"href":"https:\/\/associationlapangee.org\/index.php\/wp-json\/wp\/v2\/pages\/11\/revisions\/907"}],"wp:attachment":[{"href":"https:\/\/associationlapangee.org\/index.php\/wp-json\/wp\/v2\/media?parent=11"}],"curies":[{"name":"wp","href":"https:\/\/api.w.org\/{rel}","templated":true}]}}